{"id":1363,"date":"2024-04-11T07:16:24","date_gmt":"2024-04-11T07:16:24","guid":{"rendered":"https:\/\/italy-private-tours.com\/?page_id=1363"},"modified":"2024-04-17T08:09:01","modified_gmt":"2024-04-17T08:09:01","slug":"uber-italien","status":"publish","type":"page","link":"https:\/\/italy-private-tours.com\/de\/uber-italien\/","title":{"rendered":"\u00dcber Italien"},"content":{"rendered":"<p>Italien ist ein Leuchtturm f\u00fcr Reisende auf der ganzen Welt und wird immer wieder als eines der <strong>die besten Reiseziele der Welt<\/strong>. Seine Mischung aus historischen Reicht\u00fcmern, Kunstsch\u00e4tzen, vielf\u00e4ltigen Landschaften und kulinarischen K\u00f6stlichkeiten macht es zu einem einzigartigen Juwel in der Krone des globalen Tourismus.<\/p>\n\n\n\n<h2 class=\"wp-block-heading\"><strong><strong>Italien r\u00fchmt sich eines reichen kulturellen Mosaiks<\/strong><\/strong><\/h2>\n\n\n\n<p>Was Italien auszeichnet, ist seine <strong>erstaunliche Vielfalt<\/strong>. Ob Sie ein Geschichts-, Kunst- oder Freizeitliebhaber sind, Sie werden garantiert <strong>Finden Sie Ihr St\u00fcckchen Paradies innerhalb der Grenzen Italiens<\/strong>. Die pulsierenden St\u00e4dte, jede mit ihrem eigenen Charakter, ihren Traditionen und Dialekten, schaffen ein <strong>Mosaik der kulturellen Erfahrung<\/strong>s.&nbsp;<\/p>\n\n\n\n<figure class=\"wp-block-image size-large\"><img decoding=\"async\" src=\"https:\/\/italy-private-tours.com\/wp-content\/uploads\/italy-flag-street-1024x682.webp\" alt=\"Kleine mediterrane Stadt - sch\u00f6ne toskanische Stra\u00dfe\" class=\"wp-image-1366\"\/><\/figure>\n\n\n\n<h2 class=\"wp-block-heading\"><span><strong style=\"font-weight: bold;\">Verfahrzeit<\/strong><\/span><strong> <strong>durch zeitlose Ruinen und historische <\/strong>M\u00e4rchen<\/strong><\/h2>\n\n\n\n<p>Italiens <strong>Geschichte wird nicht nur beobachtet, sie wird gef\u00fchlt<\/strong>. Die Ruinen von Pompeji bieten einen eindringlichen Einblick in das Leben vor seinem vorzeitigen Ende, w\u00e4hrend das Tal der Tempel auf Sizilien ein Zeugnis f\u00fcr die Gro\u00dfartigkeit der antiken griechischen Zivilisation ist.<\/p>\n\n\n\n<p>Rom selbst ist mit dem Pantheon und dem Forum Romanum ein lebendiges Museum, in dem sich die Geschichte an jeder Ecke entfaltet. Diese St\u00e4tten bilden eine Br\u00fccke zwischen Vergangenheit und Gegenwart und erm\u00f6glichen es den Besuchern, auf den Spuren von Kaisern und einfachen B\u00fcrgern zu wandeln.<\/p>\n\n\n\n<figure class=\"wp-block-image size-large\"><img decoding=\"async\" src=\"https:\/\/italy-private-tours.com\/wp-content\/uploads\/forum-rome-1024x576.webp\" alt=\"Sch\u00f6ner Blick auf das Forum Romanum unter dem sch\u00f6nen Himmel in Rom, Italien\" class=\"wp-image-1367\"\/><\/figure>\n\n\n\n<h2 class=\"wp-block-heading\"><strong>Erkundung der Schnittpunkte von Liebe, Kunst und Architektur<\/strong><\/h2>\n\n\n\n<p>Italienisch <strong>Kultur ist ein Fest f\u00fcr die Sinne<\/strong>wobei jede Stadt ihre eigenen einzigartigen Beitr\u00e4ge bietet.<\/p>\n\n\n\n<p>Florenz, die Geburtsstadt der Renaissance, beherbergt den David von Michelangelo und die Geburt der Venus von Botticelli, <strong>Kunstwerke, die die Welt in ihren Bann gezogen haben<\/strong>. Die mit Gondeln gef\u00fcllten Kan\u00e4le Venedigs und die Erhabenheit des Markusdoms sind das Highlight einer Stadt, die an der Schnittstelle zwischen Handel und Kunst erbaut wurde. In Verona lockt die Romantik von Romeo und Julia, w\u00e4hrend die Sixtinische Kapelle in Rom das unvergleichliche Genie Michelangelos an der Decke zeigt.<\/p>\n\n\n\n<figure class=\"wp-block-image size-large\"><img decoding=\"async\" src=\"https:\/\/italy-private-tours.com\/wp-content\/uploads\/venice-couple-1024x684.webp\" alt=\"Paar sitzt auf dem Boden und genie\u00dft den Blick auf den Markusplatz Venedig Italien\" class=\"wp-image-1368\"\/><\/figure>\n\n\n\n<h2 class=\"wp-block-heading\"><strong>Vom azurblauen Wasser bis zu den majest\u00e4tischen Gipfeln<\/strong><\/h2>\n\n\n\n<p>Die Sch\u00f6nheit von Italiens K\u00fcsten ist <strong>ein Sirenengesang f\u00fcr alle, die sowohl Abenteuer als auch Entspannung suchen<\/strong>. Die Cinque Terre mit ihrer zerkl\u00fcfteten K\u00fcste und den terrassenf\u00f6rmig angelegten Weinbergen bieten atemberaubende Aussichten und einen Einblick in das Leben an der K\u00fcste. Die kurvenreichen Stra\u00dfen der Amalfik\u00fcste f\u00fchren zu paradiesischen, versteckten Str\u00e4nden und malerischen St\u00e4dten wie Amalfi und Ravello, w\u00e4hrend die Blaue Grotte der Insel Capri mit ihrem schimmernden Wasser verzaubert.<\/p>\n\n\n\n<figure class=\"wp-block-image size-large\"><img decoding=\"async\" src=\"https:\/\/italy-private-tours.com\/wp-content\/uploads\/capri-sea-1024x683.webp\" alt=\"Capri, Faraglioni im Mittelmeer. Italien, Neapel\" class=\"wp-image-1369\"\/><\/figure>\n\n\n\n<p>Italien hat f\u00fcr Sie gesorgt, auch wenn Sie ein <strong>Outdoor-Fan<\/strong>In der Toskana finden Sie Ihr Paradies in abwechslungsreichen Landschaften. Die Dolomiten bieten eine zerkl\u00fcftete Kulisse zum Wandern und Skifahren, w\u00e4hrend die sanften H\u00fcgel der Toskana zur gem\u00fctlichen Erkundung der Weinberge einladen und zur Verkostung ber\u00fchmter toskanischer Weine wie Chianti und Brunello di Montalcino einladen. Diese Regionen bieten nicht nur Natursch\u00f6nheiten, sondern auch die M\u00f6glichkeit, Italiens \u00f6kologisches Erbe hautnah zu erleben.<\/p>\n\n\n\n<figure class=\"wp-block-image size-large\"><img decoding=\"async\" src=\"https:\/\/italy-private-tours.com\/wp-content\/uploads\/dolimites-italy-1024x683.webp\" alt=\"Die Kirche St. Magdalena mit der Geislergruppe, die sie \u00fcberragt, Funes-Tal, Dolomiten, Italien.\" class=\"wp-image-1370\"\/><\/figure>\n\n\n\n<h2 class=\"wp-block-heading\"><strong>Die italienische K\u00fcche: Eine Vielfalt an Aromen und Traditionen<\/strong><\/h2>\n\n\n\n<p>Die K\u00fcche, die Essenz der italienischen Kultur, bietet <strong>ein Vorgeschmack auf die regionale Vielfalt des Landes<\/strong>. Die sizilianische K\u00fcche mit Gerichten wie Arancini und Cannoli spiegelt die reichen kulturellen Einfl\u00fcsse der Insel wider, w\u00e4hrend die einfachen, aber schmackhaften Gerichte der Toskana wie Ribollita und Pappa al Pomodoro, die von einem Glas toskanischen Weins begleitet werden, die landwirtschaftlichen Ertr\u00e4ge der Region feiern. Die italienische K\u00fcche, von den Nudelgerichten in Rom bis zu den Meeresfr\u00fcchten in Venedig, l\u00e4dt die Besucher ein, die Aromen Italiens zu entdecken. <strong>jede Mahlzeit eine Reise in das Herz des italienischen Lebens<\/strong>.<\/p>\n\n\n\n<figure class=\"wp-block-image size-large\"><img decoding=\"async\" src=\"https:\/\/italy-private-tours.com\/wp-content\/uploads\/italy-food-cuisine-1024x683.webp\" alt=\"WIne Abendessen\" class=\"wp-image-1371\"\/><figcaption class=\"wp-element-caption\">Ein Urlaub in Italien wird Ihre Geschmacksnerven verw\u00f6hnen<\/figcaption><\/figure>\n\n\n\n<p>Italien bietet mit seinen St\u00e4dten, K\u00fcsten und Landschaften eine ebenso vielf\u00e4ltige wie tiefgr\u00fcndige Darstellung von Sch\u00f6nheit, Geschichte und Kultur. Mit Italy Private Tours wird die Erkundung des <a href=\"https:\/\/italy-private-tours.com\/de\/reiseziele\/\">ikonischste Reiseziele <\/a>in diesem sch\u00f6nen Land zu einem <strong>pers\u00f6nliches Abenteuer<\/strong>in dem die Wahrzeichen, die Kunst und die Aromen Italiens eine Geschichte erz\u00e4hlen, die <strong>einmalig<\/strong>.<\/p>","protected":false},"excerpt":{"rendered":"<p>Italien ist ein Leuchtturm f\u00fcr Reisende auf der ganzen Welt und wird immer wieder zu den besten Reisezielen der Welt gez\u00e4hlt. Seine Mischung aus historischen Reicht\u00fcmern, Kunstsch\u00e4tzen, vielf\u00e4ltigen Landschaften und kulinarischen K\u00f6stlichkeiten macht es zu einem einzigartigen Juwel in der Krone des globalen Tourismus. Italien r\u00fchmt sich eines reichen kulturellen Mosaiks Was Italien auszeichnet, ist seine erstaunliche Vielfalt. Ob ... <a href=\"https:\/\/italy-private-tours.com\/de\/uber-italien\/\">Fortsetzung<\/a><\/p>","protected":false},"author":38,"featured_media":0,"parent":0,"menu_order":0,"comment_status":"closed","ping_status":"closed","template":"","meta":{"_acf_changed":false,"footnotes":""},"class_list":["post-1363","page","type-page","status-publish","hentry"],"acf":{"page_subheading":"Delve into Italy's heart: Discover art masterpieces, historical marvels, natural wonders, and culinary delights."},"_links":{"self":[{"href":"https:\/\/italy-private-tours.com\/de\/wp-json\/wp\/v2\/pages\/1363","targetHints":{"allow":["GET"]}}],"collection":[{"href":"https:\/\/italy-private-tours.com\/de\/wp-json\/wp\/v2\/pages"}],"about":[{"href":"https:\/\/italy-private-tours.com\/de\/wp-json\/wp\/v2\/types\/page"}],"author":[{"embeddable":true,"href":"https:\/\/italy-private-tours.com\/de\/wp-json\/wp\/v2\/users\/38"}],"replies":[{"embeddable":true,"href":"https:\/\/italy-private-tours.com\/de\/wp-json\/wp\/v2\/comments?post=1363"}],"version-history":[{"count":6,"href":"https:\/\/italy-private-tours.com\/de\/wp-json\/wp\/v2\/pages\/1363\/revisions"}],"predecessor-version":[{"id":1532,"href":"https:\/\/italy-private-tours.com\/de\/wp-json\/wp\/v2\/pages\/1363\/revisions\/1532"}],"wp:attachment":[{"href":"https:\/\/italy-private-tours.com\/de\/wp-json\/wp\/v2\/media?parent=1363"}],"curies":[{"name":"wp","href":"https:\/\/api.w.org\/{rel}","templated":true}]}}