{"id":39,"date":"2023-01-16T13:14:25","date_gmt":"2023-01-16T13:14:25","guid":{"rendered":"https:\/\/italy-private-tours.com\/about-us\/"},"modified":"2024-04-17T08:14:33","modified_gmt":"2024-04-17T08:14:33","slug":"uber-uns","status":"publish","type":"page","link":"https:\/\/italy-private-tours.com\/de\/uber-uns\/","title":{"rendered":"\u00dcber uns"},"content":{"rendered":"<p>M\u00f6chten Sie die sch\u00f6nsten Ziele in Italien entdecken, sind aber kein Fan von Menschenmassen?&nbsp;<\/p>\n\n\n\n<p>Wir von Italy Private Tours wissen, dass Italiens Anziehungskraft unwiderstehlich ist, denn es ist eine der <strong>Top-Reiseziele der Welt<\/strong>. Doch der Reiz, dieses bezaubernde Land zu erkunden, kann manchmal von der Hektik der Touristenmassen \u00fcberschattet werden.&nbsp;<\/p>\n\n\n\n<p>Ich bin stolz zu sagen, dass <strong>wir haben eine L\u00f6sung entwickelt<\/strong> das sich von gew\u00f6hnlichen Touren abhebt. Durch die Kombination der Exklusivit\u00e4t von Luxuserlebnissen mit der Zug\u00e4nglichkeit von Standardtouren haben wir ein <a href=\"https:\/\/italy-private-tours.com\/de\/\">eine Reihe von erschwinglichen Erlebnissen<\/a><strong>, <\/strong>und gleichzeitig die M\u00f6glichkeit, das Beste, was Italien zu bieten hat, zu genie\u00dfen und zu erkunden.<\/p>\n\n\n\n<figure class=\"wp-block-image\"><a href=\"https:\/\/italy-private-tours.com\/wp-content\/uploads\/roman-forum-rome-scaled.webp\"><img loading=\"lazy\" decoding=\"async\" width=\"2000\" height=\"1257\" src=\"https:\/\/italy-private-tours.com\/wp-content\/uploads\/roman-forum-rome-scaled.webp\" alt=\"Forum Romanum in Rom, Italien. Antike Strukturen mit S\u00e4ulen und B\u00f6gen. Wracks der alten italienischen r\u00f6mischen Stadt. Kirche der Heiligen Luca und Martina. Sonnenaufgang \u00fcber dem ber\u00fchmten architektonischen Wahrzeichen.\" class=\"wp-image-1398\" title=\"r\u00f6misches forum roma\"\/><\/a><figcaption class=\"wp-element-caption\">Eine Reise in die Vergangenheit auf dem majest\u00e4tischen Forum Romanum<\/figcaption><\/figure>\n\n\n\n<h2 class=\"wp-block-heading\">Unsere Liebe zu Italien<\/h2>\n\n\n\n<p>Als einer der Reiseanbieter unter der Dachmarke von <a href=\"https:\/\/world-discovery.com\/\">Weltentdeckung<\/a>Wir sorgen daf\u00fcr, dass unsere Kunden unsere privaten Touren in vollen Z\u00fcgen genie\u00dfen k\u00f6nnen.&nbsp;<\/p>\n\n\n\n<p>Unsere Liebe zu Italien ist die<strong> Herzst\u00fcck unserer Mission<\/strong>Das treibt uns an, die Wunder dieses wundersch\u00f6nen Landes mit jedem Reisenden zu teilen. Wir glauben daran, dass man Italien auch jenseits der Oberfl\u00e4che erleben kann, indem man in den reichen Teppich aus Kultur, Geschichte und nat\u00fcrlicher Sch\u00f6nheit eintaucht, der Italien so besonders macht.<\/p>\n\n\n\n<figure class=\"wp-block-image alignnone\"><a href=\"https:\/\/italy-private-tours.com\/wp-content\/uploads\/senior-couple-scaled.webp\"><img loading=\"lazy\" decoding=\"async\" width=\"2000\" height=\"1333\" src=\"https:\/\/italy-private-tours.com\/wp-content\/uploads\/senior-couple-scaled.webp\" alt=\"Gl\u00fcckliches \u00e4lteres Paar, das in der Altstadt von San Marino spazieren geht und sich an der Hand h\u00e4lt - Aktive \u00e4ltere Menschen und Reise-Lifestyle-Konzept mit reifen Menschen im Ruhestand bei einem Italien-Roadtrip - Sonnenschein-Halo mit Sunflare-Filter\" class=\"wp-image-1400\"\/><\/a><figcaption class=\"wp-element-caption\">Unser Ziel ist es, einen komfortablen und problemlosen Urlaub in Italien zu gestalten, der Ihrem einzigartigen Geschmack und Ihrem Tempo entspricht.<\/figcaption><\/figure>\n\n\n\n<h2 class=\"wp-block-heading\">Ihre italienische Entdeckung beginnt hier!<\/h2>\n\n\n\n<p>In einem Land, das so reich und vielf\u00e4ltig ist wie Italien, gibt es unendlich viele M\u00f6glichkeiten, es zu erkunden. Italy Private Tours l\u00e4dt Sie ein, diese M\u00f6glichkeiten durch unser Angebot an <a href=\"https:\/\/italy-private-tours.com\/de\/reiseziele\/\">Ziele.<\/a>\u00a0<\/p>\n\n\n\n<p>Ob es nun die Ruhe eines privaten Weinbergsbesuchs in <a href=\"https:\/\/italy-private-tours.com\/de\/blog\/reiseziele\/toskana\/\">Toskana<\/a> oder das Abenteuer einer gef\u00fchrten Erkundungstour durch die gepflasterten Stra\u00dfen <a href=\"https:\/\/italy-private-tours.com\/de\/blog\/reiseziele\/cinque-terre\/\">Cinque Terre<\/a>bieten wir <strong>etwas f\u00fcr jeden Geschmack und jede Vorliebe<\/strong>.&nbsp;<\/p>\n\n\n\n<p>Also, worauf warten Sie noch? \"<em>Facciamo un viaggio indimenticabile<\/em>\" - lassen Sie uns gemeinsam eine unvergessliche Reise machen!<\/p>\n\n\n\n<figure class=\"wp-block-image alignnone\"><a href=\"https:\/\/italy-private-tours.com\/wp-content\/uploads\/italy-gondola-venice-scaled.webp\"><img loading=\"lazy\" decoding=\"async\" width=\"2000\" height=\"1335\" src=\"https:\/\/italy-private-tours.com\/wp-content\/uploads\/italy-gondola-venice-scaled.webp\" alt=\"Junge weibliche Reisende sitzt auf dem Pier und genie\u00dft sch\u00f6ne Aussicht auf venezianischen Kanal mit Gondeln schwimmenden in Venedig\" class=\"wp-image-1399\"\/><\/a><figcaption class=\"wp-element-caption\">\"Ci vediamo a Italia\", wir sehen uns in Italien!<\/figcaption><\/figure>\n\n\n\n<p>M\u00f6chten Sie alles erkunden <a href=\"https:\/\/italy-tours.com\/\">Italien Touren<\/a>? Oder vielleicht sogar Ihr Italienerlebnis auf ein neues Niveau heben <a href=\"https:\/\/luxuryholidaysitaly.com\/\">Luxus-Ferien<\/a>? Wir sind f\u00fcr Sie da - bei jedem Schritt auf dem Weg.&nbsp;<\/p>\n\n\n\n<p>Wenn Sie andere Reiseziele in Europa erkunden m\u00f6chten, finden Sie hier einige Vorschl\u00e4ge zu den beliebtesten Reisezielen:<\/p>\n\n\n\n<ul class=\"wp-block-list\">\n<li><a href=\"https:\/\/sloveniaprivatetours.com\/\">Slowenien Private Touren<\/a><\/li>\n\n\n\n<li><a href=\"https:\/\/croatia-tours.com\/\">Kroatien Touren<\/a><\/li>\n\n\n\n<li><a href=\"https:\/\/lapland-tours.com\/\">Lappland Touren<\/a><\/li>\n\n\n\n<li><a href=\"https:\/\/thebalkantours.com\/\">Die Balkantouren<\/a><\/li>\n<\/ul>","protected":false},"excerpt":{"rendered":"<p>Do you want to uncover the most scenic destinations in Italy but are not a fan of the crowds?&nbsp; At Italy Private Tours, we understand that Italy&#8217;s allure is irresistible, being one of the top travel destinations in the world. Yet, the charm of exploring this enchanting country can sometimes be overshadowed by the hustle &hellip; <a href=\"https:\/\/italy-private-tours.com\/de\/uber-uns\/\">Fortsetzung<\/a><\/p>","protected":false},"author":37,"featured_media":0,"parent":0,"menu_order":0,"comment_status":"closed","ping_status":"closed","template":"","meta":{"_acf_changed":false,"footnotes":""},"class_list":["post-39","page","type-page","status-publish","hentry"],"acf":{"page_subheading":"Meet our passionate team that delivers the most exquisite private tours to the most iconic destinations in Italy."},"_links":{"self":[{"href":"https:\/\/italy-private-tours.com\/de\/wp-json\/wp\/v2\/pages\/39","targetHints":{"allow":["GET"]}}],"collection":[{"href":"https:\/\/italy-private-tours.com\/de\/wp-json\/wp\/v2\/pages"}],"about":[{"href":"https:\/\/italy-private-tours.com\/de\/wp-json\/wp\/v2\/types\/page"}],"author":[{"embeddable":true,"href":"https:\/\/italy-private-tours.com\/de\/wp-json\/wp\/v2\/users\/37"}],"replies":[{"embeddable":true,"href":"https:\/\/italy-private-tours.com\/de\/wp-json\/wp\/v2\/comments?post=39"}],"version-history":[{"count":5,"href":"https:\/\/italy-private-tours.com\/de\/wp-json\/wp\/v2\/pages\/39\/revisions"}],"predecessor-version":[{"id":1535,"href":"https:\/\/italy-private-tours.com\/de\/wp-json\/wp\/v2\/pages\/39\/revisions\/1535"}],"wp:attachment":[{"href":"https:\/\/italy-private-tours.com\/de\/wp-json\/wp\/v2\/media?parent=39"}],"curies":[{"name":"wp","href":"https:\/\/api.w.org\/{rel}","templated":true}]}}