{"id":1357,"date":"2024-04-11T06:43:42","date_gmt":"2024-04-11T06:43:42","guid":{"rendered":"https:\/\/italy-private-tours.com\/?page_id=1357"},"modified":"2024-04-19T10:52:13","modified_gmt":"2024-04-19T10:52:13","slug":"nuestros-conductores-personales-en-italia","status":"publish","type":"page","link":"https:\/\/italy-private-tours.com\/es\/nuestros-conductores-personales-en-italia\/","title":{"rendered":"Nuestros conductores personales en Italia"},"content":{"rendered":"<h2 class=\"wp-block-heading\"><strong>\u00bfQui\u00e9nes son?<\/strong><\/h2>\n\n\n\n<p>Los conductores privados de Italy Private Tours no s\u00f3lo <strong>profesionales certificados <\/strong>dedicados a garantizar una experiencia fluida, agradable y sin estr\u00e9s, pero tambi\u00e9n est\u00e1n <strong>fiable<\/strong>, <strong>puntual<\/strong>y siempre est\u00e1n ah\u00ed cuando se les necesita.&nbsp;<\/p>\n\n\n\n<p>M\u00e1s all\u00e1 de su profesionalidad, nuestros conductores son simp\u00e1ticos, <strong>ingl\u00e9s fluido<\/strong>y <strong>muy<\/strong> <strong>comunicativo<\/strong>El personal de la empresa le ayudar\u00e1 a organizar su visita privada, a\u00f1adiendo capas de inter\u00e9s y diversi\u00f3n para que no sea s\u00f3lo un viaje, sino una aventura memorable.<\/p>\n\n\n\n<figure class=\"wp-block-image size-full\"><img loading=\"lazy\" decoding=\"async\" width=\"2000\" height=\"1332\" src=\"https:\/\/italy-private-tours.com\/wp-content\/uploads\/driver-scaled.webp\" alt=\"concepto de transporte, veh\u00edculo y personas - pasajero masculino de mediana edad hablando con el conductor del coche\" class=\"wp-image-1256\"\/><figcaption class=\"wp-element-caption\">Nuestros conductores profesionales garantizan un traslado seguro y c\u00f3modo por Italia<\/figcaption><\/figure>\n\n\n\n<h2 class=\"wp-block-heading\"><strong>\u00bfQu\u00e9 hacen por ti?<\/strong><\/h2>\n\n\n\n<p>Nuestros conductores le guiar\u00e1n a trav\u00e9s de las maravillas de Italia, llev\u00e1ndole sin esfuerzo tanto a su <strong>destinos elegidos<\/strong> y <strong>descubriendo joyas ocultas por el camino<\/strong>.&nbsp;<\/p>\n\n\n\n<p>Con un profundo conocimiento de la zona, est\u00e1n equipados para <strong>ajuste su viaje sobre la marcha<\/strong>para no perderse ni una vista, ni una oportunidad de hacer fotos, ni una pausa para ir al ba\u00f1o.&nbsp;<\/p>\n\n\n\n<p>Ganar\u00e1s <strong>una mirada a Italia<\/strong> y cada lugar que explore. Adem\u00e1s, cuando el hambre apriete, recibir\u00e1s recomendaciones personalizadas de sitios para comer y degustar los sabores locales.<\/p>\n\n\n\n<figure class=\"wp-block-image size-full\"><img loading=\"lazy\" decoding=\"async\" width=\"2000\" height=\"1332\" src=\"https:\/\/italy-private-tours.com\/wp-content\/uploads\/tuscany-group-friends-scaled.webp\" alt=\"Amigos felices animando con vino tinto en un evento de verano en el campo - Gente multirracial divirti\u00e9ndose durante unas vacaciones gastron\u00f3micas - Concepto de viaje, vacaciones y degustaci\u00f3n de productos tradicionales - Enfoque en los rostros\" class=\"wp-image-1257\"\/><figcaption class=\"wp-element-caption\">Descubra todas las joyas ocultas por el camino<\/figcaption><\/figure>\n\n\n\n<h2 class=\"wp-block-heading\"><strong>\u00bfCu\u00e1les son las ventajas de un viaje con ch\u00f3fer privado por Italia?<\/strong><\/h2>\n\n\n\n<p>M\u00e1s all\u00e1 de las claras ventajas se\u00f1aladas anteriormente, los conductores privados aportan beneficios adicionales que quiz\u00e1 no vengan a la mente de inmediato.&nbsp;<\/p>\n\n\n\n<p>Navegar en solitario por un pa\u00eds extranjero puede presentar obst\u00e1culos como <strong>normas de circulaci\u00f3n complejas<\/strong>localizar gasolineras adecuadas y <strong>garantizar un aparcamiento asequible<\/strong>.&nbsp;<\/p>\n\n\n\n<p>Con un conductor privado al tim\u00f3n, <strong>estas preocupaciones desaparecen<\/strong>El conductor privado le ayudar\u00e1 en cualquier situaci\u00f3n inesperada. Adem\u00e1s, en cualquier situaci\u00f3n inesperada en la que un profundo conocimiento de la zona sea inestimable, su conductor privado estar\u00e1 ah\u00ed para ayudarle, garantizando su tranquilidad durante toda la aventura.<\/p>","protected":false},"excerpt":{"rendered":"<p>Who are they? Private drivers of Italy Private Tours are not only certified professionals dedicated to ensuring a smooth, enjoyable, and stress-free experience but are also reliable, punctual, and always there when you need them.&nbsp; Beyond their professionalism, our drivers are personable, fluent in English, and very communicative, adding layers of interest and fun to &hellip; <a href=\"https:\/\/italy-private-tours.com\/es\/nuestros-conductores-personales-en-italia\/\">Contin\u00faa en<\/a><\/p>","protected":false},"author":38,"featured_media":0,"parent":0,"menu_order":0,"comment_status":"closed","ping_status":"closed","template":"","meta":{"_acf_changed":false,"footnotes":""},"class_list":["post-1357","page","type-page","status-publish","hentry"],"acf":{"page_subheading":"Get to know our expert guides and drivers that are crucial for transforming your private tour in Italy into an unforgettable adventure."},"_links":{"self":[{"href":"https:\/\/italy-private-tours.com\/es\/wp-json\/wp\/v2\/pages\/1357","targetHints":{"allow":["GET"]}}],"collection":[{"href":"https:\/\/italy-private-tours.com\/es\/wp-json\/wp\/v2\/pages"}],"about":[{"href":"https:\/\/italy-private-tours.com\/es\/wp-json\/wp\/v2\/types\/page"}],"author":[{"embeddable":true,"href":"https:\/\/italy-private-tours.com\/es\/wp-json\/wp\/v2\/users\/38"}],"replies":[{"embeddable":true,"href":"https:\/\/italy-private-tours.com\/es\/wp-json\/wp\/v2\/comments?post=1357"}],"version-history":[{"count":5,"href":"https:\/\/italy-private-tours.com\/es\/wp-json\/wp\/v2\/pages\/1357\/revisions"}],"predecessor-version":[{"id":1557,"href":"https:\/\/italy-private-tours.com\/es\/wp-json\/wp\/v2\/pages\/1357\/revisions\/1557"}],"wp:attachment":[{"href":"https:\/\/italy-private-tours.com\/es\/wp-json\/wp\/v2\/media?parent=1357"}],"curies":[{"name":"wp","href":"https:\/\/api.w.org\/{rel}","templated":true}]}}