{"id":1363,"date":"2024-04-11T07:16:24","date_gmt":"2024-04-11T07:16:24","guid":{"rendered":"https:\/\/italy-private-tours.com\/?page_id=1363"},"modified":"2024-04-17T08:09:01","modified_gmt":"2024-04-17T08:09:01","slug":"sobre-italia","status":"publish","type":"page","link":"https:\/\/italy-private-tours.com\/es\/sobre-italia\/","title":{"rendered":"Sobre Italia"},"content":{"rendered":"<p>Italia es un faro para los viajeros de todo el mundo. <strong>principales destinos del mundo<\/strong>. Su mezcla de riqueza hist\u00f3rica, tesoros art\u00edsticos, diversidad paisaj\u00edstica y excelencia culinaria la convierten en una joya \u00fanica de la corona del turismo mundial.<\/p>\n\n\n\n<h2 class=\"wp-block-heading\"><strong><strong>Italia presume de un rico mosaico cultural<\/strong><\/strong><\/h2>\n\n\n\n<p>Lo que distingue a Italia es su <strong>asombrosa diversidad<\/strong>. Tanto si es un aficionado a la historia, un amante del arte o un buscador de ocio, tendr\u00e1 garantizado <strong>Encuentre su trozo de para\u00edso dentro de las fronteras italianas<\/strong>. Las vibrantes ciudades, cada una con su propio car\u00e1cter, tradiciones y dialectos, crean un ambiente \u00fanico. <strong>mosaico de experiencias culturales<\/strong>s.&nbsp;<\/p>\n\n\n\n<figure class=\"wp-block-image size-large\"><img decoding=\"async\" src=\"https:\/\/italy-private-tours.com\/wp-content\/uploads\/italy-flag-street-1024x682.webp\" alt=\"Peque\u00f1a ciudad mediterr\u00e1nea - encantadora calle toscana\" class=\"wp-image-1366\"\/><\/figure>\n\n\n\n<h2 class=\"wp-block-heading\"><span><strong style=\"font-weight: bold;\">Tiempo de recorrido<\/strong><\/span><strong> <strong>a trav\u00e9s de ruinas atemporales e hist\u00f3ricas <\/strong>cuentos<\/strong><\/h2>\n\n\n\n<p>Italia <strong>la historia no se observa, se siente<\/strong>. Las ruinas de Pompeya ofrecen una inquietante visi\u00f3n de la vida antes de su prematuro final, mientras que el Valle de los Templos, en Sicilia, es un testimonio de la magnificencia de la antigua civilizaci\u00f3n griega.<\/p>\n\n\n\n<p>La propia Roma, con el Pante\u00f3n y el Foro Romano, sirve de museo viviente, donde las capas de la historia se despliegan en cada esquina. Estos lugares tienden puentes entre el pasado y el presente, permitiendo a los visitantes seguir los pasos de emperadores y plebeyos por igual.<\/p>\n\n\n\n<figure class=\"wp-block-image size-large\"><img decoding=\"async\" src=\"https:\/\/italy-private-tours.com\/wp-content\/uploads\/forum-rome-1024x576.webp\" alt=\"Hermosa vista del Foro Romano bajo el hermoso cielo de Roma, Italia\" class=\"wp-image-1367\"\/><\/figure>\n\n\n\n<h2 class=\"wp-block-heading\"><strong>Explorando las intersecciones del amor, el arte y la arquitectura<\/strong><\/h2>\n\n\n\n<p>Italiano <strong>la cultura es una fiesta para los sentidos<\/strong>Cada ciudad ofrece sus propias aportaciones.<\/p>\n\n\n\n<p>Florencia, cuna del Renacimiento, alberga el David de Miguel \u00c1ngel y el Nacimiento de Venus de Botticelli, <strong>obras de arte que han cautivado al mundo<\/strong>. Los canales llenos de g\u00f3ndolas de Venecia y la grandeza de la Bas\u00edlica de San Marcos destacan una ciudad construida en la intersecci\u00f3n del comercio y el arte. En Verona, el romanticismo de Romeo y Julieta atrae, mientras que la Capilla Sixtina de Roma muestra el incomparable genio de Miguel \u00c1ngel en su techo.<\/p>\n\n\n\n<figure class=\"wp-block-image size-large\"><img decoding=\"async\" src=\"https:\/\/italy-private-tours.com\/wp-content\/uploads\/venice-couple-1024x684.webp\" alt=\"pareja sentada en el suelo disfrutando de la vista de la plaza de saint marco Venecia Italia\" class=\"wp-image-1368\"\/><\/figure>\n\n\n\n<h2 class=\"wp-block-heading\"><strong>De las aguas azules a las cumbres majestuosas<\/strong><\/h2>\n\n\n\n<p>La belleza de las costas italianas es <strong>un canto de sirena para los que buscan tanto aventura como relax<\/strong>. Las Cinque Terre, con su escarpada costa y sus vi\u00f1edos en terrazas, ofrecen vistas impresionantes y una visi\u00f3n de la vida costera. Las sinuosas carreteras de la Costa Amalfitana conducen a paradis\u00edacas playas escondidas y pintorescas ciudades como Amalfi y Ravello, mientras que la Gruta Azul de la isla de Capri encanta con sus aguas resplandecientes.<\/p>\n\n\n\n<figure class=\"wp-block-image size-large\"><img decoding=\"async\" src=\"https:\/\/italy-private-tours.com\/wp-content\/uploads\/capri-sea-1024x683.webp\" alt=\"Capri, Faraglioni en el mar Mediterr\u00e1neo. Italia, Napoli\" class=\"wp-image-1369\"\/><\/figure>\n\n\n\n<p>Italia te cubre incluso si eres un <strong>aficionado a las actividades al aire libre<\/strong>Encontrar\u00e1 su para\u00edso en sus variados paisajes. Los Dolomitas ofrecen un escarpado tel\u00f3n de fondo para el senderismo y el esqu\u00ed, mientras que las onduladas colinas de la Toscana invitan a explorar sin prisas sus vi\u00f1edos, con degustaciones de afamados vinos toscanos como el Chianti y el Brunello di Montalcino. Estas regiones no s\u00f3lo ofrecen belleza natural, sino tambi\u00e9n la oportunidad de conocer de cerca el patrimonio medioambiental de Italia.<\/p>\n\n\n\n<figure class=\"wp-block-image size-large\"><img decoding=\"async\" src=\"https:\/\/italy-private-tours.com\/wp-content\/uploads\/dolimites-italy-1024x683.webp\" alt=\"La iglesia de Santa Magdalena con la cordillera de Odle domin\u00e1ndola, valle de Funes, Dolomitas, Italia.\" class=\"wp-image-1370\"\/><\/figure>\n\n\n\n<h2 class=\"wp-block-heading\"><strong>Cocina italiana: Un tapiz de sabores y tradiciones<\/strong><\/h2>\n\n\n\n<p>La cocina, esencia de la cultura italiana, ofrece <strong>una muestra de la diversidad regional del pa\u00eds<\/strong>. La cocina siciliana, con platos como los arancini y los cannoli, refleja las ricas influencias culturales de la isla, mientras que los platos sencillos pero sabrosos de la Toscana, como la ribollita y la pappa al pomodoro, acompa\u00f1ados de un vaso de vino toscano, celebran la abundancia agr\u00edcola de la regi\u00f3n. La cocina italiana, desde los platos de pasta de Roma hasta el marisco de Venecia, invita a los visitantes a explorar los sabores de Italia, haciendo de la cocina italiana una experiencia \u00fanica. <strong>cada comida, un viaje al coraz\u00f3n de la vida italiana<\/strong>.<\/p>\n\n\n\n<figure class=\"wp-block-image size-large\"><img decoding=\"async\" src=\"https:\/\/italy-private-tours.com\/wp-content\/uploads\/italy-food-cuisine-1024x683.webp\" alt=\"Cena\" class=\"wp-image-1371\"\/><figcaption class=\"wp-element-caption\">Unas vacaciones en Italia no dejar\u00e1n de mimar su paladar<\/figcaption><\/figure>\n\n\n\n<p>Italia, a trav\u00e9s de sus ciudades, costas y campos, presenta una narrativa de belleza, historia y cultura tan diversa como profunda. Con Italy Private Tours, la exploraci\u00f3n de la <a href=\"https:\/\/italy-private-tours.com\/es\/destinos\/\">destinos m\u00e1s emblem\u00e1ticos <\/a>en este hermoso pa\u00eds se convierte en un <strong>aventura personal<\/strong>donde los lugares emblem\u00e1ticos, el arte y los sabores de Italia tejen una historia que es <strong>\u00danicamente suyo<\/strong>.<\/p>","protected":false},"excerpt":{"rendered":"<p>Italia se erige como un faro para los viajeros de todo el mundo, constantemente clasificada entre los mejores destinos del mundo. Su mezcla de riqueza hist\u00f3rica, tesoros art\u00edsticos, diversidad paisaj\u00edstica y excelencia culinaria la convierten en una joya \u00fanica de la corona del turismo mundial. Italia presume de un rico mosaico cultural Lo que distingue a Italia es su asombrosa diversidad. Ya sea ... <a href=\"https:\/\/italy-private-tours.com\/es\/sobre-italia\/\">Contin\u00faa en<\/a><\/p>","protected":false},"author":38,"featured_media":0,"parent":0,"menu_order":0,"comment_status":"closed","ping_status":"closed","template":"","meta":{"_acf_changed":false,"footnotes":""},"class_list":["post-1363","page","type-page","status-publish","hentry"],"acf":{"page_subheading":"Delve into Italy's heart: Discover art masterpieces, historical marvels, natural wonders, and culinary delights."},"_links":{"self":[{"href":"https:\/\/italy-private-tours.com\/es\/wp-json\/wp\/v2\/pages\/1363","targetHints":{"allow":["GET"]}}],"collection":[{"href":"https:\/\/italy-private-tours.com\/es\/wp-json\/wp\/v2\/pages"}],"about":[{"href":"https:\/\/italy-private-tours.com\/es\/wp-json\/wp\/v2\/types\/page"}],"author":[{"embeddable":true,"href":"https:\/\/italy-private-tours.com\/es\/wp-json\/wp\/v2\/users\/38"}],"replies":[{"embeddable":true,"href":"https:\/\/italy-private-tours.com\/es\/wp-json\/wp\/v2\/comments?post=1363"}],"version-history":[{"count":6,"href":"https:\/\/italy-private-tours.com\/es\/wp-json\/wp\/v2\/pages\/1363\/revisions"}],"predecessor-version":[{"id":1532,"href":"https:\/\/italy-private-tours.com\/es\/wp-json\/wp\/v2\/pages\/1363\/revisions\/1532"}],"wp:attachment":[{"href":"https:\/\/italy-private-tours.com\/es\/wp-json\/wp\/v2\/media?parent=1363"}],"curies":[{"name":"wp","href":"https:\/\/api.w.org\/{rel}","templated":true}]}}