{"id":39,"date":"2023-01-16T13:14:25","date_gmt":"2023-01-16T13:14:25","guid":{"rendered":"https:\/\/italy-private-tours.com\/about-us\/"},"modified":"2024-04-17T08:14:33","modified_gmt":"2024-04-17T08:14:33","slug":"acerca-de-nosotros","status":"publish","type":"page","link":"https:\/\/italy-private-tours.com\/es\/acerca-de-nosotros\/","title":{"rendered":"Qui\u00e9nes somos"},"content":{"rendered":"<p>\u00bfQuiere descubrir los destinos m\u00e1s pintorescos de Italia pero no le gustan las multitudes?&nbsp;<\/p>\n\n\n\n<p>En Italy Private Tours comprendemos que el encanto de Italia es irresistible, siendo uno de los <strong>los mejores destinos tur\u00edsticos del mundo<\/strong>. Sin embargo, el encanto de explorar este encantador pa\u00eds puede verse a veces eclipsado por el ajetreo y el bullicio de las multitudes de turistas.&nbsp;<\/p>\n\n\n\n<p>Me enorgullece decir que <strong>hemos creado una soluci\u00f3n<\/strong> que se distingue de los viajes ordinarios. Combinando la exclusividad de las experiencias de lujo con la accesibilidad de los viajes est\u00e1ndar, hemos creado un <a href=\"https:\/\/italy-private-tours.com\/es\/\">conjunto de experiencias asequibles<\/a><strong>, <\/strong>al tiempo que permite disfrutar y explorar lo mejor que ofrece Italia.<\/p>\n\n\n\n<figure class=\"wp-block-image\"><a href=\"https:\/\/italy-private-tours.com\/wp-content\/uploads\/roman-forum-rome-scaled.webp\"><img loading=\"lazy\" decoding=\"async\" width=\"2000\" height=\"1257\" src=\"https:\/\/italy-private-tours.com\/wp-content\/uploads\/roman-forum-rome-scaled.webp\" alt=\"Foro Romano en Roma, Italia. Estructuras antiguas con columnas y arcos. Pecios de antigua ciudad romana italiana. Iglesia de Santi Luca e Martina. Amanecer sobre un famoso monumento arquitect\u00f3nico.\" class=\"wp-image-1398\" title=\"foro romano roma\"\/><\/a><figcaption class=\"wp-element-caption\">Retroceda en el tiempo en el majestuoso Foro Romano<\/figcaption><\/figure>\n\n\n\n<h2 class=\"wp-block-heading\">Nuestro amor por Italia<\/h2>\n\n\n\n<p>Como uno de los proveedores de viajes bajo la marca paraguas de <a href=\"https:\/\/world-discovery.com\/\">Descubrir el mundo<\/a>nos aseguramos de que nuestros clientes disfruten al m\u00e1ximo de nuestros viajes privados.&nbsp;<\/p>\n\n\n\n<p>Nuestro amor por Italia es el<strong> el coraz\u00f3n de nuestra misi\u00f3n<\/strong>nos impulsa a compartir las maravillas de este hermoso pa\u00eds con todos los viajeros. Creemos que hay que vivir Italia m\u00e1s all\u00e1 de la superficie, adentr\u00e1ndose en el rico tapiz de cultura, historia y belleza natural que la hace tan especial.<\/p>\n\n\n\n<figure class=\"wp-block-image alignnone\"><a href=\"https:\/\/italy-private-tours.com\/wp-content\/uploads\/senior-couple-scaled.webp\"><img loading=\"lazy\" decoding=\"async\" width=\"2000\" height=\"1333\" src=\"https:\/\/italy-private-tours.com\/wp-content\/uploads\/senior-couple-scaled.webp\" alt=\"Feliz pareja de ancianos caminando tomados de la mano en el castillo de la ciudad vieja de San Marino - concepto de estilo de vida de ancianos activos y de viaje con personas maduras jubiladas en Italia roadtrip - Sunshine halo con filtro sunflare\" class=\"wp-image-1400\"\/><\/a><figcaption class=\"wp-element-caption\">Nuestro objetivo es crear unas vacaciones c\u00f3modas y sin complicaciones en Italia, adaptadas a sus gustos y ritmo \u00fanicos.<\/figcaption><\/figure>\n\n\n\n<h2 class=\"wp-block-heading\">Su descubrimiento de Italia comienza aqu\u00ed<\/h2>\n\n\n\n<p>En un pa\u00eds tan rico y variado como Italia, las posibilidades de exploraci\u00f3n son infinitas. Italy Private Tours le invita a experimentar estas posibilidades a trav\u00e9s de nuestra gama de <a href=\"https:\/\/italy-private-tours.com\/es\/destinos\/\">destinos.<\/a>\u00a0<\/p>\n\n\n\n<p>Ya sea la serenidad de una visita privada a un vi\u00f1edo en <a href=\"https:\/\/italy-private-tours.com\/es\/blog\/destinos\/toscana\/\">Toscana<\/a> o la aventura de una exploraci\u00f3n guiada por las calles empedradas <a href=\"https:\/\/italy-private-tours.com\/es\/blog\/destinos\/cinque-terre\/\">Cinque Terre<\/a>ofrecemos <strong>para todos los gustos y preferencias<\/strong>.&nbsp;<\/p>\n\n\n\n<p>Entonces, \u00bfa qu\u00e9 esperas? \"<em>Facciamo un viaggio indimenticabile<\/em>Hagamos juntos un viaje inolvidable\".<\/p>\n\n\n\n<figure class=\"wp-block-image alignnone\"><a href=\"https:\/\/italy-private-tours.com\/wp-content\/uploads\/italy-gondola-venice-scaled.webp\"><img loading=\"lazy\" decoding=\"async\" width=\"2000\" height=\"1335\" src=\"https:\/\/italy-private-tours.com\/wp-content\/uploads\/italy-gondola-venice-scaled.webp\" alt=\"Joven viajera sentada en el muelle y disfrutando de la hermosa vista sobre el canal veneciano con g\u00f3ndolas flotando en Venecia\" class=\"wp-image-1399\"\/><\/a><figcaption class=\"wp-element-caption\">\"Ci vediamo a Italia\", \u00a1nos vemos en Italia!<\/figcaption><\/figure>\n\n\n\n<p>Quiere explorar todo <a href=\"https:\/\/italy-tours.com\/\">Viajes a Italia<\/a>? O tal vez incluso elevar su experiencia italiana a <a href=\"https:\/\/luxuryholidaysitaly.com\/\">Vacaciones de lujo<\/a>? Estamos a su disposici\u00f3n en todo momento.&nbsp;<\/p>\n\n\n\n<p>Si le apetece explorar otros destinos de Europa, aqu\u00ed tiene algunas sugerencias de los m\u00e1s populares:<\/p>\n\n\n\n<ul class=\"wp-block-list\">\n<li><a href=\"https:\/\/sloveniaprivatetours.com\/\">Eslovenia Visitas Privadas<\/a><\/li>\n\n\n\n<li><a href=\"https:\/\/croatia-tours.com\/\">Viajes a Croacia<\/a><\/li>\n\n\n\n<li><a href=\"https:\/\/lapland-tours.com\/\">Viajes a Laponia<\/a><\/li>\n\n\n\n<li><a href=\"https:\/\/thebalkantours.com\/\">Viajes a los Balcanes<\/a><\/li>\n<\/ul>","protected":false},"excerpt":{"rendered":"<p>Do you want to uncover the most scenic destinations in Italy but are not a fan of the crowds?&nbsp; At Italy Private Tours, we understand that Italy&#8217;s allure is irresistible, being one of the top travel destinations in the world. Yet, the charm of exploring this enchanting country can sometimes be overshadowed by the hustle &hellip; <a href=\"https:\/\/italy-private-tours.com\/es\/acerca-de-nosotros\/\">Contin\u00faa en<\/a><\/p>","protected":false},"author":37,"featured_media":0,"parent":0,"menu_order":0,"comment_status":"closed","ping_status":"closed","template":"","meta":{"_acf_changed":false,"footnotes":""},"class_list":["post-39","page","type-page","status-publish","hentry"],"acf":{"page_subheading":"Meet our passionate team that delivers the most exquisite private tours to the most iconic destinations in Italy."},"_links":{"self":[{"href":"https:\/\/italy-private-tours.com\/es\/wp-json\/wp\/v2\/pages\/39","targetHints":{"allow":["GET"]}}],"collection":[{"href":"https:\/\/italy-private-tours.com\/es\/wp-json\/wp\/v2\/pages"}],"about":[{"href":"https:\/\/italy-private-tours.com\/es\/wp-json\/wp\/v2\/types\/page"}],"author":[{"embeddable":true,"href":"https:\/\/italy-private-tours.com\/es\/wp-json\/wp\/v2\/users\/37"}],"replies":[{"embeddable":true,"href":"https:\/\/italy-private-tours.com\/es\/wp-json\/wp\/v2\/comments?post=39"}],"version-history":[{"count":5,"href":"https:\/\/italy-private-tours.com\/es\/wp-json\/wp\/v2\/pages\/39\/revisions"}],"predecessor-version":[{"id":1535,"href":"https:\/\/italy-private-tours.com\/es\/wp-json\/wp\/v2\/pages\/39\/revisions\/1535"}],"wp:attachment":[{"href":"https:\/\/italy-private-tours.com\/es\/wp-json\/wp\/v2\/media?parent=39"}],"curies":[{"name":"wp","href":"https:\/\/api.w.org\/{rel}","templated":true}]}}