{"id":1357,"date":"2024-04-11T06:43:42","date_gmt":"2024-04-11T06:43:42","guid":{"rendered":"https:\/\/italy-private-tours.com\/?page_id=1357"},"modified":"2024-04-19T10:52:13","modified_gmt":"2024-04-19T10:52:13","slug":"nos-chauffeurs-personnels-en-italie","status":"publish","type":"page","link":"https:\/\/italy-private-tours.com\/fr\/nos-chauffeurs-personnels-en-italie\/","title":{"rendered":"Nos chauffeurs personnels en Italie"},"content":{"rendered":"<h2 class=\"wp-block-heading\"><strong>Qui sont ces personnes ?<\/strong><\/h2>\n\n\n\n<p>Les chauffeurs priv\u00e9s d'Italy Private Tours ne sont pas seulement <strong>des professionnels certifi\u00e9s <\/strong>s'efforcent d'assurer une exp\u00e9rience harmonieuse, agr\u00e9able et sans stress, mais ils sont aussi <strong>fiable<\/strong>, <strong>ponctuel<\/strong>Ils sont toujours l\u00e0 quand on a besoin d'eux.&nbsp;<\/p>\n\n\n\n<p>Au-del\u00e0 de leur professionnalisme, nos chauffeurs sont sympathiques, <strong>parler couramment l'anglais<\/strong>et <strong>tr\u00e8s<\/strong> <strong>communicatif<\/strong>Les membres de l'\u00e9quipe de la Commission europ\u00e9enne sont des experts qui ajoutent des couches d'int\u00e9r\u00eat et de plaisir \u00e0 votre visite priv\u00e9e, garantissant qu'il ne s'agit pas simplement d'un voyage, mais d'une aventure m\u00e9morable.<\/p>\n\n\n\n<figure class=\"wp-block-image size-full\"><img loading=\"lazy\" decoding=\"async\" width=\"2000\" height=\"1332\" src=\"https:\/\/italy-private-tours.com\/wp-content\/uploads\/driver-scaled.webp\" alt=\"Concept de transport, de v\u00e9hicule et de personnes - passager d&#039;\u00e2ge moyen parlant \u00e0 l&#039;automobiliste\" class=\"wp-image-1256\"\/><figcaption class=\"wp-element-caption\">Nos chauffeurs professionnels garantissent un transfert s\u00fbr et confortable dans toute l'Italie.<\/figcaption><\/figure>\n\n\n\n<h2 class=\"wp-block-heading\"><strong>Que font-ils pour vous ?<\/strong><\/h2>\n\n\n\n<p>Nos chauffeurs vous guideront \u00e0 travers les merveilles de l'Italie et vous conduiront sans difficult\u00e9 \u00e0 votre destination. <strong>les destinations choisies<\/strong> et <strong>d\u00e9couvrir des joyaux cach\u00e9s en cours de route<\/strong>.&nbsp;<\/p>\n\n\n\n<p>Gr\u00e2ce \u00e0 leur connaissance approfondie de la r\u00e9gion, ils sont \u00e9quip\u00e9s pour <strong>ajuster votre voyage en cours de route<\/strong>Il s'agit de s'assurer que l'on ne manque aucune vue, aucune occasion de prendre une photo ou de se rendre aux toilettes.&nbsp;<\/p>\n\n\n\n<p>Vous gagnerez <strong>aper\u00e7u de l'Italie<\/strong> et chaque lieu que vous explorez. De plus, en cas de fringale, vous recevrez des recommandations personnalis\u00e9es sur les lieux de restauration o\u00f9 vous pourrez go\u00fbter aux saveurs locales.<\/p>\n\n\n\n<figure class=\"wp-block-image size-full\"><img loading=\"lazy\" decoding=\"async\" width=\"2000\" height=\"1332\" src=\"https:\/\/italy-private-tours.com\/wp-content\/uploads\/tuscany-group-friends-scaled.webp\" alt=\"Des amis heureux se r\u00e9jouissent en buvant du vin rouge lors d&#039;un \u00e9v\u00e9nement estival \u00e0 la campagne - Des personnes multiraciales s&#039;amusent lors d&#039;un voyage gastronomique - Concept de go\u00fbt pour les voyages, les vacances et les produits traditionnels - Focalisation sur les visages\" class=\"wp-image-1257\"\/><figcaption class=\"wp-element-caption\">D\u00e9couvrez tous les joyaux cach\u00e9s le long de la route<\/figcaption><\/figure>\n\n\n\n<h2 class=\"wp-block-heading\"><strong>Quels sont les avantages d'un circuit avec chauffeur priv\u00e9 en Italie ?<\/strong><\/h2>\n\n\n\n<p>Outre les avantages \u00e9vidents mentionn\u00e9s plus haut, les chauffeurs priv\u00e9s offrent d'autres avantages qui ne viennent peut-\u00eatre pas imm\u00e9diatement \u00e0 l'esprit.&nbsp;<\/p>\n\n\n\n<p>Naviguer en solo dans un pays \u00e9tranger peut pr\u00e9senter des obstacles tels que <strong>des r\u00e8gles routi\u00e8res complexes<\/strong>la localisation de stations-service pratiques, et <strong>garantir un stationnement abordable<\/strong>.&nbsp;<\/p>\n\n\n\n<p>Avec un chauffeur priv\u00e9 \u00e0 votre t\u00eate, <strong>ces pr\u00e9occupations disparaissent<\/strong>Vous pouvez ainsi vous d\u00e9tendre et profiter du voyage. De plus, dans toute situation inattendue o\u00f9 une connaissance approfondie de la r\u00e9gion est inestimable, votre chauffeur priv\u00e9 est l\u00e0 pour vous aider, assurant ainsi votre tranquillit\u00e9 d'esprit tout au long de votre aventure.<\/p>","protected":false},"excerpt":{"rendered":"<p>Qui sont les chauffeurs priv\u00e9s ? Les chauffeurs priv\u00e9s d'Italy Private Tours sont non seulement des professionnels certifi\u00e9s qui s'engagent \u00e0 garantir une exp\u00e9rience fluide, agr\u00e9able et sans stress, mais ils sont \u00e9galement fiables, ponctuels et toujours l\u00e0 quand vous avez besoin d'eux.  Au-del\u00e0 de leur professionnalisme, nos chauffeurs sont sympathiques, parlent couramment l'anglais et sont tr\u00e8s communicatifs, ce qui ajoute de l'int\u00e9r\u00eat et de l'amusement \u00e0 ... <a href=\"https:\/\/italy-private-tours.com\/fr\/nos-chauffeurs-personnels-en-italie\/\">Suite<\/a><\/p>","protected":false},"author":38,"featured_media":0,"parent":0,"menu_order":0,"comment_status":"closed","ping_status":"closed","template":"","meta":{"_acf_changed":false,"footnotes":""},"class_list":["post-1357","page","type-page","status-publish","hentry"],"acf":{"page_subheading":"Get to know our expert guides and drivers that are crucial for transforming your private tour in Italy into an unforgettable adventure."},"_links":{"self":[{"href":"https:\/\/italy-private-tours.com\/fr\/wp-json\/wp\/v2\/pages\/1357","targetHints":{"allow":["GET"]}}],"collection":[{"href":"https:\/\/italy-private-tours.com\/fr\/wp-json\/wp\/v2\/pages"}],"about":[{"href":"https:\/\/italy-private-tours.com\/fr\/wp-json\/wp\/v2\/types\/page"}],"author":[{"embeddable":true,"href":"https:\/\/italy-private-tours.com\/fr\/wp-json\/wp\/v2\/users\/38"}],"replies":[{"embeddable":true,"href":"https:\/\/italy-private-tours.com\/fr\/wp-json\/wp\/v2\/comments?post=1357"}],"version-history":[{"count":5,"href":"https:\/\/italy-private-tours.com\/fr\/wp-json\/wp\/v2\/pages\/1357\/revisions"}],"predecessor-version":[{"id":1557,"href":"https:\/\/italy-private-tours.com\/fr\/wp-json\/wp\/v2\/pages\/1357\/revisions\/1557"}],"wp:attachment":[{"href":"https:\/\/italy-private-tours.com\/fr\/wp-json\/wp\/v2\/media?parent=1357"}],"curies":[{"name":"wp","href":"https:\/\/api.w.org\/{rel}","templated":true}]}}