{"id":1363,"date":"2024-04-11T07:16:24","date_gmt":"2024-04-11T07:16:24","guid":{"rendered":"https:\/\/italy-private-tours.com\/?page_id=1363"},"modified":"2024-04-17T08:09:01","modified_gmt":"2024-04-17T08:09:01","slug":"a-propos-de-litalie","status":"publish","type":"page","link":"https:\/\/italy-private-tours.com\/fr\/a-propos-de-litalie\/","title":{"rendered":"\u00c0 propos de l'Italie"},"content":{"rendered":"<p>L'Italie est une destination de choix pour les voyageurs du monde entier, r\u00e9guli\u00e8rement class\u00e9e parmi les meilleurs pays du monde. <strong>les meilleures destinations dans le monde<\/strong>. Son m\u00e9lange de richesses historiques, de tr\u00e9sors artistiques, de paysages diversifi\u00e9s et d'excellence culinaire en fait un joyau unique dans la couronne du tourisme mondial.<\/p>\n\n\n\n<h2 class=\"wp-block-heading\"><strong><strong>L'Italie s'enorgueillit d'une riche mosa\u00efque culturelle<\/strong><\/strong><\/h2>\n\n\n\n<p>L'Italie se distingue par son <strong>une diversit\u00e9 \u00e9tonnante<\/strong>. Que vous soyez f\u00e9ru d'histoire, amateur d'art ou de loisirs, vous \u00eates assur\u00e9 de trouver <strong>Trouvez votre coin de paradis \u00e0 l'int\u00e9rieur des fronti\u00e8res de l'Italie<\/strong>. Les villes dynamiques, chacune avec son caract\u00e8re distinct, ses traditions et ses dialectes, cr\u00e9ent une atmosph\u00e8re de paix et de s\u00e9r\u00e9nit\u00e9. <strong>mosa\u00efque d'exp\u00e9riences culturelles<\/strong>s.&nbsp;<\/p>\n\n\n\n<figure class=\"wp-block-image size-large\"><img decoding=\"async\" src=\"https:\/\/italy-private-tours.com\/wp-content\/uploads\/italy-flag-street-1024x682.webp\" alt=\"Petite ville m\u00e9diterran\u00e9enne - belle rue toscane\" class=\"wp-image-1366\"\/><\/figure>\n\n\n\n<h2 class=\"wp-block-heading\"><span><strong style=\"font-weight: bold;\">Dur\u00e9e de la travers\u00e9e<\/strong><\/span><strong> <strong>\u00e0 travers des ruines intemporelles et des <\/strong>contes<\/strong><\/h2>\n\n\n\n<p>L'Italie <strong>l'histoire n'est pas seulement observ\u00e9e, elle est ressentie<\/strong>. Les ruines de Pomp\u00e9i offrent un aper\u00e7u obs\u00e9dant de la vie avant sa fin pr\u00e9matur\u00e9e, tandis que la vall\u00e9e des temples en Sicile t\u00e9moigne de la magnificence de la civilisation grecque antique.<\/p>\n\n\n\n<p>Rome elle-m\u00eame, avec le Panth\u00e9on et le Forum romain, est un mus\u00e9e vivant, o\u00f9 les strates de l'histoire se d\u00e9ploient \u00e0 chaque coin de rue. Ces sites jettent un pont entre le pass\u00e9 et le pr\u00e9sent, permettant aux visiteurs de marcher sur les traces des empereurs et des roturiers.<\/p>\n\n\n\n<figure class=\"wp-block-image size-large\"><img decoding=\"async\" src=\"https:\/\/italy-private-tours.com\/wp-content\/uploads\/forum-rome-1024x576.webp\" alt=\"Belle vue du Forum romain sous un ciel magnifique \u00e0 Rome, Italie\" class=\"wp-image-1367\"\/><\/figure>\n\n\n\n<h2 class=\"wp-block-heading\"><strong>Explorer les intersections de l'amour, de l'art et de l'architecture<\/strong><\/h2>\n\n\n\n<p>Italien <strong>la culture est une f\u00eate des sens<\/strong>Chaque ville offre ses propres contributions.<\/p>\n\n\n\n<p>Florence, berceau de la Renaissance, abrite le David de Michel-Ange et la Naissance de V\u00e9nus de Botticelli, <strong>des \u0153uvres d'art qui ont captiv\u00e9 le monde<\/strong>. Les canaux de Venise, remplis de gondoles, et la grandeur de la basilique Saint-Marc mettent en valeur une ville construite \u00e0 l'intersection du commerce et de l'art. \u00c0 V\u00e9rone, la romance de Rom\u00e9o et Juliette nous attire, tandis que la chapelle Sixtine de Rome met en valeur le g\u00e9nie in\u00e9gal\u00e9 de Michel-Ange sur son plafond.<\/p>\n\n\n\n<figure class=\"wp-block-image size-large\"><img decoding=\"async\" src=\"https:\/\/italy-private-tours.com\/wp-content\/uploads\/venice-couple-1024x684.webp\" alt=\"couple assis par terre profitant de la vue de la place saint marco Venise Italie\" class=\"wp-image-1368\"\/><\/figure>\n\n\n\n<h2 class=\"wp-block-heading\"><strong>Des eaux azur\u00e9es aux sommets majestueux<\/strong><\/h2>\n\n\n\n<p>La beaut\u00e9 des c\u00f4tes italiennes est <strong>un appel de sir\u00e8ne pour ceux qui recherchent \u00e0 la fois l'aventure et la d\u00e9tente<\/strong>. Les Cinque Terre, avec leur littoral accident\u00e9 et leurs vignobles en terrasses, offrent des vues imprenables et un aper\u00e7u de la vie c\u00f4ti\u00e8re. Les routes sinueuses de la c\u00f4te amalfitaine m\u00e8nent \u00e0 des plages cach\u00e9es et \u00e0 des villes pittoresques comme Amalfi et Ravello, tandis que la Grotte bleue de l'\u00eele de Capri enchante par ses eaux scintillantes.<\/p>\n\n\n\n<figure class=\"wp-block-image size-large\"><img decoding=\"async\" src=\"https:\/\/italy-private-tours.com\/wp-content\/uploads\/capri-sea-1024x683.webp\" alt=\"Capri, Faraglioni dans la mer M\u00e9diterran\u00e9e. Italie, Naples\" class=\"wp-image-1369\"\/><\/figure>\n\n\n\n<p>L'Italie vous couvre m\u00eame si vous \u00eates un <strong>amateur de plein air<\/strong>En Toscane, vous trouverez votre paradis dans ses paysages vari\u00e9s. Les Dolomites offrent une toile de fond accident\u00e9e pour la randonn\u00e9e et le ski, tandis que les collines ondulantes de la Toscane invitent \u00e0 une exploration tranquille de ses vignobles, avec des d\u00e9gustations de vins toscans r\u00e9put\u00e9s comme le Chianti et le Brunello di Montalcino. Ces r\u00e9gions n'offrent pas seulement une beaut\u00e9 naturelle, mais aussi la possibilit\u00e9 de s'int\u00e9resser de pr\u00e8s au patrimoine environnemental de l'Italie.<\/p>\n\n\n\n<figure class=\"wp-block-image size-large\"><img decoding=\"async\" src=\"https:\/\/italy-private-tours.com\/wp-content\/uploads\/dolimites-italy-1024x683.webp\" alt=\"L&#039;\u00e9glise Sainte-Madeleine surplomb\u00e9e par la cha\u00eene de montagnes Odle, vall\u00e9e de Funes, Dolomites, Italie.\" class=\"wp-image-1370\"\/><\/figure>\n\n\n\n<h2 class=\"wp-block-heading\"><strong>La cuisine italienne : Une tapisserie de saveurs et de traditions<\/strong><\/h2>\n\n\n\n<p>La cuisine, essence de la culture italienne, offre <strong>un aper\u00e7u de la diversit\u00e9 r\u00e9gionale du pays<\/strong>. La cuisine sicilienne, avec des plats comme les arancini et les cannoli, refl\u00e8te les riches influences culturelles de l'\u00eele, tandis que les plats simples mais savoureux de la Toscane, comme la ribollita et la pappa al pomodoro, accompagn\u00e9s d'un verre de vin toscan, c\u00e9l\u00e8brent l'abondance agricole de la r\u00e9gion. La cuisine italienne, des p\u00e2tes de Rome aux fruits de mer de Venise, invite les visiteurs \u00e0 explorer les saveurs de l'Italie, en faisant de l'Italie un pays \u00e0 part enti\u00e8re. <strong>chaque repas un voyage au c\u0153ur de la vie italienne<\/strong>.<\/p>\n\n\n\n<figure class=\"wp-block-image size-large\"><img decoding=\"async\" src=\"https:\/\/italy-private-tours.com\/wp-content\/uploads\/italy-food-cuisine-1024x683.webp\" alt=\"D\u00eener en commun\" class=\"wp-image-1371\"\/><figcaption class=\"wp-element-caption\">Des vacances en Italie ne manqueront pas de g\u00e2ter vos papilles gustatives<\/figcaption><\/figure>\n\n\n\n<p>L'Italie, \u00e0 travers ses villes, ses c\u00f4tes et ses campagnes, pr\u00e9sente un r\u00e9cit de beaut\u00e9, d'histoire et de culture aussi diversifi\u00e9 que profond. Avec les circuits priv\u00e9s en Italie, l'exploration de la <a href=\"https:\/\/italy-private-tours.com\/fr\/destinations\/\">les destinations les plus embl\u00e9matiques <\/a>dans ce beau pays devient une <strong>aventure personnelle<\/strong>o\u00f9 les monuments, l'art et les saveurs de l'Italie tissent une histoire qui est \u00e0 l'image de l'Italie. <strong>unique en son genre<\/strong>.<\/p>","protected":false},"excerpt":{"rendered":"<p>L'Italie est une destination phare pour les voyageurs du monde entier, r\u00e9guli\u00e8rement class\u00e9e parmi les meilleures destinations au monde. Son m\u00e9lange de richesses historiques, de tr\u00e9sors artistiques, de paysages diversifi\u00e9s et d'excellence culinaire en fait un joyau unique dans la couronne du tourisme mondial. L'Italie s'enorgueillit d'une riche mosa\u00efque culturelle Ce qui distingue l'Italie, c'est son \u00e9tonnante diversit\u00e9. Qu'il s'agisse de ... <a href=\"https:\/\/italy-private-tours.com\/fr\/a-propos-de-litalie\/\">Suite<\/a><\/p>","protected":false},"author":38,"featured_media":0,"parent":0,"menu_order":0,"comment_status":"closed","ping_status":"closed","template":"","meta":{"_acf_changed":false,"footnotes":""},"class_list":["post-1363","page","type-page","status-publish","hentry"],"acf":{"page_subheading":"Delve into Italy's heart: Discover art masterpieces, historical marvels, natural wonders, and culinary delights."},"_links":{"self":[{"href":"https:\/\/italy-private-tours.com\/fr\/wp-json\/wp\/v2\/pages\/1363","targetHints":{"allow":["GET"]}}],"collection":[{"href":"https:\/\/italy-private-tours.com\/fr\/wp-json\/wp\/v2\/pages"}],"about":[{"href":"https:\/\/italy-private-tours.com\/fr\/wp-json\/wp\/v2\/types\/page"}],"author":[{"embeddable":true,"href":"https:\/\/italy-private-tours.com\/fr\/wp-json\/wp\/v2\/users\/38"}],"replies":[{"embeddable":true,"href":"https:\/\/italy-private-tours.com\/fr\/wp-json\/wp\/v2\/comments?post=1363"}],"version-history":[{"count":6,"href":"https:\/\/italy-private-tours.com\/fr\/wp-json\/wp\/v2\/pages\/1363\/revisions"}],"predecessor-version":[{"id":1532,"href":"https:\/\/italy-private-tours.com\/fr\/wp-json\/wp\/v2\/pages\/1363\/revisions\/1532"}],"wp:attachment":[{"href":"https:\/\/italy-private-tours.com\/fr\/wp-json\/wp\/v2\/media?parent=1363"}],"curies":[{"name":"wp","href":"https:\/\/api.w.org\/{rel}","templated":true}]}}