{"id":39,"date":"2023-01-16T13:14:25","date_gmt":"2023-01-16T13:14:25","guid":{"rendered":"https:\/\/italy-private-tours.com\/about-us\/"},"modified":"2024-04-17T08:14:33","modified_gmt":"2024-04-17T08:14:33","slug":"a-propos-de-nous","status":"publish","type":"page","link":"https:\/\/italy-private-tours.com\/fr\/a-propos-de-nous\/","title":{"rendered":"\u00c0 propos de nous"},"content":{"rendered":"<p>Vous souhaitez d\u00e9couvrir les destinations les plus pittoresques d'Italie, mais vous n'aimez pas les foules ?&nbsp;<\/p>\n\n\n\n<p>Chez Italy Private Tours, nous comprenons que l'attrait de l'Italie est irr\u00e9sistible, puisqu'il s'agit de l'un des pays les plus riches du monde. <strong>les meilleures destinations de voyage dans le monde<\/strong>. Pourtant, le charme de la d\u00e9couverte de ce pays enchanteur peut parfois \u00eatre \u00e9clips\u00e9 par l'agitation des foules touristiques.&nbsp;<\/p>\n\n\n\n<p>Je suis fier de dire que <strong>nous avons \u00e9labor\u00e9 une solution<\/strong> qui se distingue des circuits ordinaires. En combinant l'exclusivit\u00e9 des exp\u00e9riences de luxe avec l'accessibilit\u00e9 des circuits standard, nous avons cr\u00e9\u00e9 un circuit de luxe qui se distingue des autres circuits. <a href=\"https:\/\/italy-private-tours.com\/fr\/\">suite d'exp\u00e9riences abordables<\/a><strong>, <\/strong>tout en permettant de profiter et d'explorer ce que l'Italie a de mieux \u00e0 offrir.<\/p>\n\n\n\n<figure class=\"wp-block-image\"><a href=\"https:\/\/italy-private-tours.com\/wp-content\/uploads\/roman-forum-rome-scaled.webp\"><img loading=\"lazy\" decoding=\"async\" width=\"2000\" height=\"1257\" src=\"https:\/\/italy-private-tours.com\/wp-content\/uploads\/roman-forum-rome-scaled.webp\" alt=\"Forum romain \u00e0 Rome, Italie. Structures antiques avec colonnes et arcs. \u00c9paves d&#039;une ancienne ville romaine italienne. \u00c9glise de Santi Luca e Martina. Lever de soleil sur un site architectural c\u00e9l\u00e8bre.\" class=\"wp-image-1398\" title=\"forum romain rome\"\/><\/a><figcaption class=\"wp-element-caption\">Remonter le temps au majestueux Forum romain<\/figcaption><\/figure>\n\n\n\n<h2 class=\"wp-block-heading\">Notre amour pour l'Italie<\/h2>\n\n\n\n<p>En tant que l'un des organisateurs de voyages sous la marque ombrelle de <a href=\"https:\/\/world-discovery.com\/\">D\u00e9couverte du monde<\/a>Nous veillons \u00e0 ce que nos clients profitent au maximum de nos visites priv\u00e9es.&nbsp;<\/p>\n\n\n\n<p>Notre amour de l'Italie est la<strong> le c\u0153ur de notre mission<\/strong>C'est ce qui nous pousse \u00e0 partager les merveilles de ce magnifique pays avec chaque voyageur. Nous croyons qu'il faut vivre l'Italie au-del\u00e0 de la surface, en plongeant dans la riche tapisserie de culture, d'histoire et de beaut\u00e9 naturelle qui la rend si sp\u00e9ciale.<\/p>\n\n\n\n<figure class=\"wp-block-image alignnone\"><a href=\"https:\/\/italy-private-tours.com\/wp-content\/uploads\/senior-couple-scaled.webp\"><img loading=\"lazy\" decoding=\"async\" width=\"2000\" height=\"1333\" src=\"https:\/\/italy-private-tours.com\/wp-content\/uploads\/senior-couple-scaled.webp\" alt=\"Couple de seniors heureux marchant en se tenant la main dans le ch\u00e2teau de la vieille ville de Saint-Marin - Concept de vie active et de voyage avec des retrait\u00e9s d&#039;\u00e2ge m\u00fbr lors d&#039;un roadtrip en Italie - Halo de soleil avec filtre d&#039;\u00e9blouissement solaire\" class=\"wp-image-1400\"\/><\/a><figcaption class=\"wp-element-caption\">Notre objectif est d'organiser des vacances en Italie confortables et sans tracas, adapt\u00e9es \u00e0 vos go\u00fbts et \u00e0 votre rythme.<\/figcaption><\/figure>\n\n\n\n<h2 class=\"wp-block-heading\">Votre d\u00e9couverte de l'Italie commence ici !<\/h2>\n\n\n\n<p>Dans un pays aussi riche et vari\u00e9 que l'Italie, les possibilit\u00e9s d'exploration sont infinies. Italy Private Tours vous invite \u00e0 faire l'exp\u00e9rience de ces possibilit\u00e9s \u00e0 travers notre gamme de <a href=\"https:\/\/italy-private-tours.com\/fr\/destinations\/\">destinations.<\/a>\u00a0<\/p>\n\n\n\n<p>Qu'il s'agisse de la s\u00e9r\u00e9nit\u00e9 d'une visite priv\u00e9e d'un vignoble \u00e0 <a href=\"https:\/\/italy-private-tours.com\/fr\/blog\/destinations\/toscane\/\">Toscane<\/a> ou l'aventure d'une exploration guid\u00e9e \u00e0 travers les rues pav\u00e9es <a href=\"https:\/\/italy-private-tours.com\/fr\/blog\/destinations\/cinque-terre\/\">Cinque Terre<\/a>Nous offrons <strong>Il y en a pour tous les go\u00fbts et toutes les pr\u00e9f\u00e9rences<\/strong>.&nbsp;<\/p>\n\n\n\n<p>Alors, qu'attendez-vous ? \"<em>Nous avons fait un voyage inoubliable.<\/em>\"- faisons ensemble un voyage inoubliable !<\/p>\n\n\n\n<figure class=\"wp-block-image alignnone\"><a href=\"https:\/\/italy-private-tours.com\/wp-content\/uploads\/italy-gondola-venice-scaled.webp\"><img loading=\"lazy\" decoding=\"async\" width=\"2000\" height=\"1335\" src=\"https:\/\/italy-private-tours.com\/wp-content\/uploads\/italy-gondola-venice-scaled.webp\" alt=\"Jeune voyageuse assise sur la jet\u00e9e et profitant de la belle vue sur le canal v\u00e9nitien avec les gondoles flottant \u00e0 Venise\" class=\"wp-image-1399\"\/><\/a><figcaption class=\"wp-element-caption\">\"Ci vediamo a Italia\", \u00e0 bient\u00f4t en Italie !<\/figcaption><\/figure>\n\n\n\n<p>Envie d'explorer tous les <a href=\"https:\/\/italy-tours.com\/\">Circuits en Italie<\/a>? Ou peut-\u00eatre m\u00eame d'\u00e9lever votre exp\u00e9rience de l'Italie au rang de <a href=\"https:\/\/luxuryholidaysitaly.com\/\">Vacances de luxe<\/a>? Nous sommes l\u00e0 pour vous - \u00e0 chaque \u00e9tape.&nbsp;<\/p>\n\n\n\n<p>Si vous souhaitez explorer d'autres destinations en Europe, voici quelques suggestions parmi les plus populaires :<\/p>\n\n\n\n<ul class=\"wp-block-list\">\n<li><a href=\"https:\/\/sloveniaprivatetours.com\/\">Circuits priv\u00e9s en Slov\u00e9nie<\/a><\/li>\n\n\n\n<li><a href=\"https:\/\/croatia-tours.com\/\">Voyages en Croatie<\/a><\/li>\n\n\n\n<li><a href=\"https:\/\/lapland-tours.com\/\">Circuits en Laponie<\/a><\/li>\n\n\n\n<li><a href=\"https:\/\/thebalkantours.com\/\">Les circuits dans les Balkans<\/a><\/li>\n<\/ul>","protected":false},"excerpt":{"rendered":"<p>Vous souhaitez d\u00e9couvrir les destinations les plus pittoresques d'Italie, mais vous n'aimez pas les foules ?  Chez Italy Private Tours, nous comprenons que l'attrait de l'Italie est irr\u00e9sistible, puisqu'il s'agit de l'une des destinations de voyage les plus pris\u00e9es au monde. Pourtant, le charme de l'exploration de ce pays enchanteur peut parfois \u00eatre \u00e9clips\u00e9 par l'agitation ... <a href=\"https:\/\/italy-private-tours.com\/fr\/a-propos-de-nous\/\">Suite<\/a><\/p>","protected":false},"author":37,"featured_media":0,"parent":0,"menu_order":0,"comment_status":"closed","ping_status":"closed","template":"","meta":{"_acf_changed":false,"footnotes":""},"class_list":["post-39","page","type-page","status-publish","hentry"],"acf":{"page_subheading":"Meet our passionate team that delivers the most exquisite private tours to the most iconic destinations in Italy."},"_links":{"self":[{"href":"https:\/\/italy-private-tours.com\/fr\/wp-json\/wp\/v2\/pages\/39","targetHints":{"allow":["GET"]}}],"collection":[{"href":"https:\/\/italy-private-tours.com\/fr\/wp-json\/wp\/v2\/pages"}],"about":[{"href":"https:\/\/italy-private-tours.com\/fr\/wp-json\/wp\/v2\/types\/page"}],"author":[{"embeddable":true,"href":"https:\/\/italy-private-tours.com\/fr\/wp-json\/wp\/v2\/users\/37"}],"replies":[{"embeddable":true,"href":"https:\/\/italy-private-tours.com\/fr\/wp-json\/wp\/v2\/comments?post=39"}],"version-history":[{"count":5,"href":"https:\/\/italy-private-tours.com\/fr\/wp-json\/wp\/v2\/pages\/39\/revisions"}],"predecessor-version":[{"id":1535,"href":"https:\/\/italy-private-tours.com\/fr\/wp-json\/wp\/v2\/pages\/39\/revisions\/1535"}],"wp:attachment":[{"href":"https:\/\/italy-private-tours.com\/fr\/wp-json\/wp\/v2\/media?parent=39"}],"curies":[{"name":"wp","href":"https:\/\/api.w.org\/{rel}","templated":true}]}}