{"id":1357,"date":"2024-04-11T06:43:42","date_gmt":"2024-04-11T06:43:42","guid":{"rendered":"https:\/\/italy-private-tours.com\/?page_id=1357"},"modified":"2024-04-19T10:52:13","modified_gmt":"2024-04-19T10:52:13","slug":"os-nossos-motoristas-pessoais-em-italia","status":"publish","type":"page","link":"https:\/\/italy-private-tours.com\/pt\/os-nossos-motoristas-pessoais-em-italia\/","title":{"rendered":"Os nossos motoristas pessoais em It\u00e1lia"},"content":{"rendered":"<h2 class=\"wp-block-heading\"><strong>Quem s\u00e3o eles?<\/strong><\/h2>\n\n\n\n<p>Os motoristas privados da Italy Private Tours n\u00e3o s\u00e3o apenas <strong>profissionais certificados <\/strong>dedicados a garantir uma experi\u00eancia tranquila, agrad\u00e1vel e sem stress, mas tamb\u00e9m s\u00e3o <strong>fi\u00e1vel<\/strong>, <strong>pontual<\/strong>e est\u00e3o sempre presentes quando precisamos deles.&nbsp;<\/p>\n\n\n\n<p>Para al\u00e9m do seu profissionalismo, os nossos motoristas s\u00e3o simp\u00e1ticos, <strong>fluente em ingl\u00eas<\/strong>e <strong>muito<\/strong> <strong>comunicativo<\/strong>O nosso pessoal de turismo \u00e9 composto por um grupo de pessoas, que adicionam camadas de interesse e divers\u00e3o \u00e0 sua excurs\u00e3o privada, garantindo que n\u00e3o \u00e9 apenas uma viagem, mas uma aventura memor\u00e1vel.<\/p>\n\n\n\n<figure class=\"wp-block-image size-full\"><img loading=\"lazy\" decoding=\"async\" width=\"2000\" height=\"1332\" src=\"https:\/\/italy-private-tours.com\/wp-content\/uploads\/driver-scaled.webp\" alt=\"conceito de transporte, ve\u00edculo e pessoas - passageiro de meia-idade do sexo masculino a falar com o condutor do autom\u00f3vel\" class=\"wp-image-1256\"\/><figcaption class=\"wp-element-caption\">Os nossos motoristas profissionais garantem um transporte seguro e confort\u00e1vel em It\u00e1lia<\/figcaption><\/figure>\n\n\n\n<h2 class=\"wp-block-heading\"><strong>O que \u00e9 que eles fazem por si?<\/strong><\/h2>\n\n\n\n<p>Os nossos motoristas gui\u00e1-lo-\u00e3o atrav\u00e9s das maravilhas de It\u00e1lia, levando-o sem esfor\u00e7o at\u00e9 ao seu <strong>destinos seleccionados<\/strong> e <strong>descobrindo j\u00f3ias escondidas pelo caminho<\/strong>.&nbsp;<\/p>\n\n\n\n<p>Com um conhecimento profundo da zona, est\u00e3o equipados para <strong>ajuste a sua viagem em movimento<\/strong>A Comiss\u00e3o Europeia est\u00e1 sempre atenta, assegurando que n\u00e3o se perde nenhuma vis\u00e3o, oportunidade de fotografia ou pausa para ir \u00e0 casa de banho.&nbsp;<\/p>\n\n\n\n<p>Ganhar\u00e1 <strong>perspectivas sobre a It\u00e1lia<\/strong> e cada local que explorar. Para al\u00e9m disso, quando a fome apertar, conte com recomenda\u00e7\u00f5es personalizadas de locais de restaura\u00e7\u00e3o para provar os sabores locais.<\/p>\n\n\n\n<figure class=\"wp-block-image size-full\"><img loading=\"lazy\" decoding=\"async\" width=\"2000\" height=\"1332\" src=\"https:\/\/italy-private-tours.com\/wp-content\/uploads\/tuscany-group-friends-scaled.webp\" alt=\"Amigos felizes a aplaudir com vinho tinto num evento de ver\u00e3o no campo - Pessoas multirraciais a divertirem-se durante umas f\u00e9rias gastron\u00f3micas - Viagem, f\u00e9rias e produtos tradicionais - Conceito de sabor - Foco nos rostos\" class=\"wp-image-1257\"\/><figcaption class=\"wp-element-caption\">Descobrir todas as j\u00f3ias escondidas ao longo do caminho<\/figcaption><\/figure>\n\n\n\n<h2 class=\"wp-block-heading\"><strong>Quais s\u00e3o as vantagens de uma viagem com um motorista privado em It\u00e1lia?<\/strong><\/h2>\n\n\n\n<p>Para al\u00e9m das vantagens evidentes referidas anteriormente, os motoristas privados oferecem vantagens adicionais que podem n\u00e3o vir imediatamente \u00e0 mente.&nbsp;<\/p>\n\n\n\n<p>A navega\u00e7\u00e3o a solo num pa\u00eds estrangeiro pode apresentar obst\u00e1culos como <strong>regras rodovi\u00e1rias complexas<\/strong>localiza\u00e7\u00e3o de esta\u00e7\u00f5es de servi\u00e7o convenientes, e <strong>garantir estacionamento a pre\u00e7os acess\u00edveis<\/strong>.&nbsp;<\/p>\n\n\n\n<p>Com um motorista privado ao seu comando, <strong>estas preocupa\u00e7\u00f5es desaparecem<\/strong>O seu motorista privado est\u00e1 \u00e0 sua disposi\u00e7\u00e3o para o ajudar, permitindo-lhe relaxar e desfrutar da viagem. Al\u00e9m disso, em qualquer situa\u00e7\u00e3o inesperada em que um conhecimento profundo da zona seja precioso, o seu motorista privado est\u00e1 l\u00e1 para o ajudar, garantindo tranquilidade durante toda a sua aventura.<\/p>","protected":false},"excerpt":{"rendered":"<p>Quem s\u00e3o eles? Os motoristas privados da Italy Private Tours n\u00e3o s\u00e3o apenas profissionais certificados, dedicados a garantir uma experi\u00eancia tranquila, agrad\u00e1vel e sem stress, mas s\u00e3o tamb\u00e9m fi\u00e1veis, pontuais e est\u00e3o sempre presentes quando precisa deles.  Para al\u00e9m do seu profissionalismo, os nossos motoristas s\u00e3o simp\u00e1ticos, fluentes em ingl\u00eas e muito comunicativos, acrescentando camadas de interesse e divers\u00e3o \u00e0 ... <a href=\"https:\/\/italy-private-tours.com\/pt\/os-nossos-motoristas-pessoais-em-italia\/\">Continua\u00e7\u00e3o<\/a><\/p>","protected":false},"author":38,"featured_media":0,"parent":0,"menu_order":0,"comment_status":"closed","ping_status":"closed","template":"","meta":{"_acf_changed":false,"footnotes":""},"class_list":["post-1357","page","type-page","status-publish","hentry"],"acf":{"page_subheading":"Get to know our expert guides and drivers that are crucial for transforming your private tour in Italy into an unforgettable adventure."},"_links":{"self":[{"href":"https:\/\/italy-private-tours.com\/pt\/wp-json\/wp\/v2\/pages\/1357","targetHints":{"allow":["GET"]}}],"collection":[{"href":"https:\/\/italy-private-tours.com\/pt\/wp-json\/wp\/v2\/pages"}],"about":[{"href":"https:\/\/italy-private-tours.com\/pt\/wp-json\/wp\/v2\/types\/page"}],"author":[{"embeddable":true,"href":"https:\/\/italy-private-tours.com\/pt\/wp-json\/wp\/v2\/users\/38"}],"replies":[{"embeddable":true,"href":"https:\/\/italy-private-tours.com\/pt\/wp-json\/wp\/v2\/comments?post=1357"}],"version-history":[{"count":5,"href":"https:\/\/italy-private-tours.com\/pt\/wp-json\/wp\/v2\/pages\/1357\/revisions"}],"predecessor-version":[{"id":1557,"href":"https:\/\/italy-private-tours.com\/pt\/wp-json\/wp\/v2\/pages\/1357\/revisions\/1557"}],"wp:attachment":[{"href":"https:\/\/italy-private-tours.com\/pt\/wp-json\/wp\/v2\/media?parent=1357"}],"curies":[{"name":"wp","href":"https:\/\/api.w.org\/{rel}","templated":true}]}}