{"id":1363,"date":"2024-04-11T07:16:24","date_gmt":"2024-04-11T07:16:24","guid":{"rendered":"https:\/\/italy-private-tours.com\/?page_id=1363"},"modified":"2024-04-17T08:09:01","modified_gmt":"2024-04-17T08:09:01","slug":"sobre-italia","status":"publish","type":"page","link":"https:\/\/italy-private-tours.com\/pt\/sobre-italia\/","title":{"rendered":"Sobre a It\u00e1lia"},"content":{"rendered":"<p>A It\u00e1lia \u00e9 uma refer\u00eancia para os viajantes de todo o mundo, consistentemente classificada entre as <strong>os melhores destinos do mundo<\/strong>. A sua mistura de riquezas hist\u00f3ricas, tesouros art\u00edsticos, paisagens diversificadas e excel\u00eancia culin\u00e1ria fazem dela uma joia \u00fanica na coroa do turismo mundial.<\/p>\n\n\n\n<h2 class=\"wp-block-heading\"><strong><strong>A It\u00e1lia orgulha-se do seu rico mosaico cultural<\/strong><\/strong><\/h2>\n\n\n\n<p>O que distingue a It\u00e1lia \u00e9 o seu <strong>uma diversidade espantosa<\/strong>. Quer seja um aficionado da hist\u00f3ria, um amante da arte ou um amante do lazer, \u00e9 garantido que <strong>encontre o seu peda\u00e7o de para\u00edso dentro das fronteiras de It\u00e1lia<\/strong>. As cidades vibrantes, cada uma com o seu pr\u00f3prio car\u00e1cter, tradi\u00e7\u00f5es e dialectos distintos, criam um ambiente <strong>mosaico de experi\u00eancias culturais<\/strong>s.&nbsp;<\/p>\n\n\n\n<figure class=\"wp-block-image size-large\"><img decoding=\"async\" src=\"https:\/\/italy-private-tours.com\/wp-content\/uploads\/italy-flag-street-1024x682.webp\" alt=\"Pequena cidade mediterr\u00e2nica - bela rua toscana\" class=\"wp-image-1366\"\/><\/figure>\n\n\n\n<h2 class=\"wp-block-heading\"><span><strong style=\"font-weight: bold;\">Tempo de desloca\u00e7\u00e3o<\/strong><\/span><strong> <strong>atrav\u00e9s de ru\u00ednas intemporais e <\/strong>contos<\/strong><\/h2>\n\n\n\n<p>It\u00e1lia <strong>a hist\u00f3ria n\u00e3o \u00e9 apenas observada; \u00e9 sentida<\/strong>. As ru\u00ednas de Pompeia oferecem um vislumbre assustador da vida antes do seu fim prematuro, enquanto o Vale dos Templos, na Sic\u00edlia, \u00e9 um testemunho da magnific\u00eancia da antiga civiliza\u00e7\u00e3o grega.<\/p>\n\n\n\n<p>A pr\u00f3pria Roma, com o Pante\u00e3o e o F\u00f3rum Romano, serve como um museu vivo, onde as camadas da hist\u00f3ria se desdobram em cada esquina. Estes locais fazem a ponte entre o passado e o presente, permitindo que os visitantes sigam os passos de imperadores e plebeus.<\/p>\n\n\n\n<figure class=\"wp-block-image size-large\"><img decoding=\"async\" src=\"https:\/\/italy-private-tours.com\/wp-content\/uploads\/forum-rome-1024x576.webp\" alt=\"Bela vista do F\u00f3rum Romano sob um lindo c\u00e9u em Roma, It\u00e1lia\" class=\"wp-image-1367\"\/><\/figure>\n\n\n\n<h2 class=\"wp-block-heading\"><strong>Explorar as intersec\u00e7\u00f5es do amor, da arte e da arquitetura<\/strong><\/h2>\n\n\n\n<p>italiano <strong>a cultura \u00e9 uma festa para os sentidos<\/strong>Cada cidade oferece os seus pr\u00f3prios contributos \u00fanicos.<\/p>\n\n\n\n<p>Floren\u00e7a, o ber\u00e7o do Renascimento, alberga o David de Miguel \u00c2ngelo e o Nascimento de V\u00e9nus de Botticelli, <strong>obras de arte que cativaram o mundo<\/strong>. Os canais cheios de g\u00f4ndolas de Veneza e a grandiosidade da Bas\u00edlica de S\u00e3o Marcos destacam uma cidade constru\u00edda na intersec\u00e7\u00e3o do com\u00e9rcio e da arte. Em Verona, o romance de Romeu e Julieta chama a aten\u00e7\u00e3o, enquanto a Capela Sistina de Roma exibe o g\u00e9nio sem paralelo de Miguel \u00c2ngelo no seu teto.<\/p>\n\n\n\n<figure class=\"wp-block-image size-large\"><img decoding=\"async\" src=\"https:\/\/italy-private-tours.com\/wp-content\/uploads\/venice-couple-1024x684.webp\" alt=\"casal sentado no ch\u00e3o a apreciar a vista da pra\u00e7a de S\u00e3o Marcos Veneza It\u00e1lia\" class=\"wp-image-1368\"\/><\/figure>\n\n\n\n<h2 class=\"wp-block-heading\"><strong>Das \u00e1guas azuis aos picos majestosos<\/strong><\/h2>\n\n\n\n<p>A beleza das costas italianas \u00e9 <strong>uma chamada de sereia para quem procura aventura e descontra\u00e7\u00e3o<\/strong>. As Cinque Terre, com a sua costa escarpada e vinhas em socalcos, oferecem vistas deslumbrantes e um vislumbre da vida costeira. As estradas sinuosas da Costa de Amalfi conduzem a praias paradis\u00edacas escondidas e a cidades pitorescas como Amalfi e Ravello, enquanto a Gruta Azul da Ilha de Capri encanta com as suas \u00e1guas cintilantes.<\/p>\n\n\n\n<figure class=\"wp-block-image size-large\"><img decoding=\"async\" src=\"https:\/\/italy-private-tours.com\/wp-content\/uploads\/capri-sea-1024x683.webp\" alt=\"Capri, Faraglioni no mar Mediterr\u00e2neo. It\u00e1lia, N\u00e1poles\" class=\"wp-image-1369\"\/><\/figure>\n\n\n\n<p>A It\u00e1lia cobre-o, mesmo que seja um <strong>entusiasta de actividades ao ar livre<\/strong>A Toscana \u00e9 uma regi\u00e3o de grande beleza, pois encontrar\u00e1 o seu para\u00edso nas suas variadas paisagens. As Dolomitas proporcionam um cen\u00e1rio escarpado para caminhadas e esqui, enquanto as colinas ondulantes da Toscana convidam a uma explora\u00e7\u00e3o sem pressa das suas vinhas, oferecendo provas de vinhos toscanos famosos como o Chianti e o Brunello di Montalcino. Estas regi\u00f5es oferecem n\u00e3o s\u00f3 beleza natural, mas tamb\u00e9m a oportunidade de se envolver intimamente com o patrim\u00f3nio ambiental italiano.<\/p>\n\n\n\n<figure class=\"wp-block-image size-large\"><img decoding=\"async\" src=\"https:\/\/italy-private-tours.com\/wp-content\/uploads\/dolimites-italy-1024x683.webp\" alt=\"A Igreja de Santa Madalena com a cadeia de montanhas Odle a elevar-se por cima, Vale de Funes, Dolomitas, It\u00e1lia.\" class=\"wp-image-1370\"\/><\/figure>\n\n\n\n<h2 class=\"wp-block-heading\"><strong>Cozinha italiana: Uma tape\u00e7aria de sabores e tradi\u00e7\u00f5es<\/strong><\/h2>\n\n\n\n<p>A cozinha, a ess\u00eancia da cultura italiana, oferece <strong>uma amostra da diversidade regional do pa\u00eds<\/strong>. A cozinha siciliana, com pratos como arancini e cannoli, reflecte as ricas influ\u00eancias culturais da ilha, enquanto os pratos simples mas saborosos da Tosc\u00e2nia, como a ribollita e o pappa al pomodoro, acompanhados por um copo de vinho toscano, celebram a generosidade agr\u00edcola da regi\u00e3o. A cozinha italiana, desde os pratos de massa de Roma ao marisco de Veneza, convida os visitantes a explorar os sabores de It\u00e1lia, tornando <strong>cada refei\u00e7\u00e3o uma viagem ao cora\u00e7\u00e3o da vida italiana<\/strong>.<\/p>\n\n\n\n<figure class=\"wp-block-image size-large\"><img decoding=\"async\" src=\"https:\/\/italy-private-tours.com\/wp-content\/uploads\/italy-food-cuisine-1024x683.webp\" alt=\"Jantar de inverno\" class=\"wp-image-1371\"\/><figcaption class=\"wp-element-caption\">Umas f\u00e9rias em It\u00e1lia n\u00e3o deixar\u00e3o de estragar o seu paladar<\/figcaption><\/figure>\n\n\n\n<p>A It\u00e1lia, atrav\u00e9s das suas cidades, costas e campos, apresenta uma narrativa de beleza, hist\u00f3ria e cultura que \u00e9 t\u00e3o diversa quanto profunda. Com a It\u00e1lia Private Tours, a explora\u00e7\u00e3o da <a href=\"https:\/\/italy-private-tours.com\/pt\/destinos\/\">destinos mais emblem\u00e1ticos <\/a>neste belo pa\u00eds torna-se um <strong>aventura pessoal<\/strong>, onde os pontos de refer\u00eancia, a arte e os sabores de It\u00e1lia tecem uma hist\u00f3ria que \u00e9 <strong>exclusivamente seu<\/strong>.<\/p>","protected":false},"excerpt":{"rendered":"<p>A It\u00e1lia \u00e9 um farol para os viajantes de todo o mundo, consistentemente classificada entre os melhores destinos do mundo. A sua mistura de riquezas hist\u00f3ricas, tesouros art\u00edsticos, paisagens diversificadas e excel\u00eancia culin\u00e1ria fazem dela uma joia \u00fanica na coroa do turismo global. A It\u00e1lia orgulha-se do seu rico mosaico cultural O que distingue a It\u00e1lia \u00e9 a sua espantosa diversidade. Quer ... <a href=\"https:\/\/italy-private-tours.com\/pt\/sobre-italia\/\">Continua\u00e7\u00e3o<\/a><\/p>","protected":false},"author":38,"featured_media":0,"parent":0,"menu_order":0,"comment_status":"closed","ping_status":"closed","template":"","meta":{"_acf_changed":false,"footnotes":""},"class_list":["post-1363","page","type-page","status-publish","hentry"],"acf":{"page_subheading":"Delve into Italy's heart: Discover art masterpieces, historical marvels, natural wonders, and culinary delights."},"_links":{"self":[{"href":"https:\/\/italy-private-tours.com\/pt\/wp-json\/wp\/v2\/pages\/1363","targetHints":{"allow":["GET"]}}],"collection":[{"href":"https:\/\/italy-private-tours.com\/pt\/wp-json\/wp\/v2\/pages"}],"about":[{"href":"https:\/\/italy-private-tours.com\/pt\/wp-json\/wp\/v2\/types\/page"}],"author":[{"embeddable":true,"href":"https:\/\/italy-private-tours.com\/pt\/wp-json\/wp\/v2\/users\/38"}],"replies":[{"embeddable":true,"href":"https:\/\/italy-private-tours.com\/pt\/wp-json\/wp\/v2\/comments?post=1363"}],"version-history":[{"count":6,"href":"https:\/\/italy-private-tours.com\/pt\/wp-json\/wp\/v2\/pages\/1363\/revisions"}],"predecessor-version":[{"id":1532,"href":"https:\/\/italy-private-tours.com\/pt\/wp-json\/wp\/v2\/pages\/1363\/revisions\/1532"}],"wp:attachment":[{"href":"https:\/\/italy-private-tours.com\/pt\/wp-json\/wp\/v2\/media?parent=1363"}],"curies":[{"name":"wp","href":"https:\/\/api.w.org\/{rel}","templated":true}]}}