{"id":39,"date":"2023-01-16T13:14:25","date_gmt":"2023-01-16T13:14:25","guid":{"rendered":"https:\/\/italy-private-tours.com\/about-us\/"},"modified":"2024-04-17T08:14:33","modified_gmt":"2024-04-17T08:14:33","slug":"sobre-nos","status":"publish","type":"page","link":"https:\/\/italy-private-tours.com\/pt\/sobre-nos\/","title":{"rendered":"Sobre n\u00f3s"},"content":{"rendered":"<p>Quer descobrir os destinos mais pitorescos de It\u00e1lia, mas n\u00e3o \u00e9 f\u00e3 de multid\u00f5es?&nbsp;<\/p>\n\n\n\n<p>Na Italy Private Tours, compreendemos que o fasc\u00ednio da It\u00e1lia \u00e9 irresist\u00edvel, sendo uma das <strong>principais destinos tur\u00edsticos do mundo<\/strong>. No entanto, o encanto de explorar este pa\u00eds encantador pode por vezes ser ofuscado pela az\u00e1fama das multid\u00f5es de turistas.&nbsp;<\/p>\n\n\n\n<p>Tenho orgulho em dizer que <strong>cri\u00e1mos uma solu\u00e7\u00e3o<\/strong> que se distingue das excurs\u00f5es comuns. Ao combinar a exclusividade das experi\u00eancias de luxo com a acessibilidade das excurs\u00f5es normais, cri\u00e1mos uma <a href=\"https:\/\/italy-private-tours.com\/pt\/\">conjunto de experi\u00eancias acess\u00edveis<\/a><strong>, <\/strong>permitindo ao mesmo tempo desfrutar e explorar o melhor que a It\u00e1lia tem para oferecer.<\/p>\n\n\n\n<figure class=\"wp-block-image\"><a href=\"https:\/\/italy-private-tours.com\/wp-content\/uploads\/roman-forum-rome-scaled.webp\"><img loading=\"lazy\" decoding=\"async\" width=\"2000\" height=\"1257\" src=\"https:\/\/italy-private-tours.com\/wp-content\/uploads\/roman-forum-rome-scaled.webp\" alt=\"F\u00f3rum Romano em Roma, It\u00e1lia. Estruturas antigas com colunas e arcos. Destro\u00e7os de uma antiga cidade romana italiana. Igreja de Santi Luca e Martina. Nascer do sol sobre um famoso marco arquitet\u00f3nico.\" class=\"wp-image-1398\" title=\"f\u00f3rum romano roma\"\/><\/a><figcaption class=\"wp-element-caption\">Recue no tempo no majestoso F\u00f3rum Romano<\/figcaption><\/figure>\n\n\n\n<h2 class=\"wp-block-heading\">O nosso amor por It\u00e1lia<\/h2>\n\n\n\n<p>Como um dos operadores tur\u00edsticos da marca <a href=\"https:\/\/world-discovery.com\/\">Descoberta do mundo<\/a>, certificamo-nos de que os nossos clientes desfrutam ao m\u00e1ximo das nossas visitas privadas.&nbsp;<\/p>\n\n\n\n<p>O nosso amor por It\u00e1lia \u00e9 o<strong> cora\u00e7\u00e3o da nossa miss\u00e3o<\/strong>A It\u00e1lia \u00e9 um pa\u00eds de sonho, que nos leva a partilhar as maravilhas deste belo pa\u00eds com todos os viajantes. Acreditamos que a It\u00e1lia deve ser vivida para al\u00e9m da superf\u00edcie, mergulhando na rica tape\u00e7aria de cultura, hist\u00f3ria e beleza natural que a torna t\u00e3o especial.<\/p>\n\n\n\n<figure class=\"wp-block-image alignnone\"><a href=\"https:\/\/italy-private-tours.com\/wp-content\/uploads\/senior-couple-scaled.webp\"><img loading=\"lazy\" decoding=\"async\" width=\"2000\" height=\"1333\" src=\"https:\/\/italy-private-tours.com\/wp-content\/uploads\/senior-couple-scaled.webp\" alt=\"Casal de idosos felizes a caminhar de m\u00e3os dadas no castelo da cidade velha de San Marino - Idoso ativo e conceito de estilo de vida de viagem com pessoas maduras reformadas em It\u00e1lia - Halo de sol com filtro de reflexo solar\" class=\"wp-image-1400\"\/><\/a><figcaption class=\"wp-element-caption\">O nosso objetivo \u00e9 criar f\u00e9rias confort\u00e1veis e sem complica\u00e7\u00f5es em It\u00e1lia, adaptadas aos seus gostos e ritmos \u00fanicos<\/figcaption><\/figure>\n\n\n\n<h2 class=\"wp-block-heading\">A sua descoberta da It\u00e1lia come\u00e7a aqui!<\/h2>\n\n\n\n<p>Num pa\u00eds t\u00e3o rico e variado como a It\u00e1lia, as possibilidades de explora\u00e7\u00e3o s\u00e3o infinitas. A Italy Private Tours convida-o a experimentar estas possibilidades atrav\u00e9s da nossa gama de <a href=\"https:\/\/italy-private-tours.com\/pt\/destinos\/\">destinos.<\/a>\u00a0<\/p>\n\n\n\n<p>Quer seja a serenidade de uma visita a uma vinha privada em <a href=\"https:\/\/italy-private-tours.com\/pt\/blogue\/destinos\/toscana\/\">Toscana<\/a> ou a aventura de uma explora\u00e7\u00e3o guiada pelas ruas empedradas <a href=\"https:\/\/italy-private-tours.com\/pt\/blogue\/destinos\/cinque-terre\/\">Cinque Terre<\/a>, oferecemos <strong>algo para todos os gostos e prefer\u00eancias<\/strong>.&nbsp;<\/p>\n\n\n\n<p>Ent\u00e3o, de que est\u00e3o \u00e0 espera? \"<em>Facciamo un viaggio indimenticabile<\/em>\"Fa\u00e7amos juntos uma viagem inesquec\u00edvel!<\/p>\n\n\n\n<figure class=\"wp-block-image alignnone\"><a href=\"https:\/\/italy-private-tours.com\/wp-content\/uploads\/italy-gondola-venice-scaled.webp\"><img loading=\"lazy\" decoding=\"async\" width=\"2000\" height=\"1335\" src=\"https:\/\/italy-private-tours.com\/wp-content\/uploads\/italy-gondola-venice-scaled.webp\" alt=\"Jovem viajante sentada no cais e a apreciar a bela vista do canal veneziano com g\u00f4ndolas a flutuar em Veneza\" class=\"wp-image-1399\"\/><\/a><figcaption class=\"wp-element-caption\">\"Ci vediamo a Italia\", vemo-nos em It\u00e1lia!<\/figcaption><\/figure>\n\n\n\n<p>Quer explorar tudo <a href=\"https:\/\/italy-tours.com\/\">Excurs\u00f5es em It\u00e1lia<\/a>? Ou talvez at\u00e9 elevar a sua experi\u00eancia italiana a <a href=\"https:\/\/luxuryholidaysitaly.com\/\">F\u00e9rias de luxo<\/a>? Estamos aqui para si - a cada passo do caminho.&nbsp;<\/p>\n\n\n\n<p>Se estiver interessado em explorar outros destinos na Europa, eis algumas sugest\u00f5es dos mais populares:<\/p>\n\n\n\n<ul class=\"wp-block-list\">\n<li><a href=\"https:\/\/sloveniaprivatetours.com\/\">Eslov\u00e9nia Excurs\u00f5es privadas<\/a><\/li>\n\n\n\n<li><a href=\"https:\/\/croatia-tours.com\/\">Passeios na Cro\u00e1cia<\/a><\/li>\n\n\n\n<li><a href=\"https:\/\/lapland-tours.com\/\">Excurs\u00f5es \u00e0 Lap\u00f3nia<\/a><\/li>\n\n\n\n<li><a href=\"https:\/\/thebalkantours.com\/\">Os passeios nos Balc\u00e3s<\/a><\/li>\n<\/ul>","protected":false},"excerpt":{"rendered":"<p>Do you want to uncover the most scenic destinations in Italy but are not a fan of the crowds?&nbsp; At Italy Private Tours, we understand that Italy&#8217;s allure is irresistible, being one of the top travel destinations in the world. Yet, the charm of exploring this enchanting country can sometimes be overshadowed by the hustle &hellip; <a href=\"https:\/\/italy-private-tours.com\/pt\/sobre-nos\/\">Continua\u00e7\u00e3o<\/a><\/p>","protected":false},"author":37,"featured_media":0,"parent":0,"menu_order":0,"comment_status":"closed","ping_status":"closed","template":"","meta":{"_acf_changed":false,"footnotes":""},"class_list":["post-39","page","type-page","status-publish","hentry"],"acf":{"page_subheading":"Meet our passionate team that delivers the most exquisite private tours to the most iconic destinations in Italy."},"_links":{"self":[{"href":"https:\/\/italy-private-tours.com\/pt\/wp-json\/wp\/v2\/pages\/39","targetHints":{"allow":["GET"]}}],"collection":[{"href":"https:\/\/italy-private-tours.com\/pt\/wp-json\/wp\/v2\/pages"}],"about":[{"href":"https:\/\/italy-private-tours.com\/pt\/wp-json\/wp\/v2\/types\/page"}],"author":[{"embeddable":true,"href":"https:\/\/italy-private-tours.com\/pt\/wp-json\/wp\/v2\/users\/37"}],"replies":[{"embeddable":true,"href":"https:\/\/italy-private-tours.com\/pt\/wp-json\/wp\/v2\/comments?post=39"}],"version-history":[{"count":5,"href":"https:\/\/italy-private-tours.com\/pt\/wp-json\/wp\/v2\/pages\/39\/revisions"}],"predecessor-version":[{"id":1535,"href":"https:\/\/italy-private-tours.com\/pt\/wp-json\/wp\/v2\/pages\/39\/revisions\/1535"}],"wp:attachment":[{"href":"https:\/\/italy-private-tours.com\/pt\/wp-json\/wp\/v2\/media?parent=39"}],"curies":[{"name":"wp","href":"https:\/\/api.w.org\/{rel}","templated":true}]}}